{"id":543904,"date":"2026-04-23T16:58:05","date_gmt":"2026-04-23T16:58:05","guid":{"rendered":"https:\/\/my.stlflix.com\/?post_type=product&#038;p=543904"},"modified":"2026-04-23T16:58:06","modified_gmt":"2026-04-23T16:58:06","slug":"holy-christ-69b07bf2b39bd","status":"publish","type":"product","link":"https:\/\/www.my3dstore-example.com\/tr\/product\/holy-christ-69b07bf2b39bd\/","title":{"rendered":"Jesus Cristo com coroa dourada"},"content":{"rendered":"<h3 data-section-id=\"1b3fxpg\" data-start=\"156\" data-end=\"215\">\u2728<span dir=\"auto\" style=\"vertical-align: inherit\"><span dir=\"auto\" style=\"vertical-align: inherit\"><span dir=\"auto\" style=\"vertical-align: inherit\"><span dir=\"auto\" style=\"vertical-align: inherit\">Jesus Cristo com Coroa Dourada \u2013 Escultura Decorativa<\/span><\/span><\/span><\/span>\u2728<\/h3>\n<p data-start=\"217\" data-end=\"296\"><span dir=\"auto\" style=\"vertical-align: inherit\"><span dir=\"auto\" style=\"vertical-align: inherit\"><span dir=\"auto\" style=\"vertical-align: inherit\"><span dir=\"auto\" style=\"vertical-align: inherit\">Transforme seu ambiente em uma pe\u00e7a marcante, elegante e cheia de significado.<\/span><\/span><\/span><\/span><\/p>\n<p data-start=\"298\" data-end=\"525\"><span dir=\"auto\" style=\"vertical-align: inherit\"><span dir=\"auto\" style=\"vertical-align: inherit\"><span dir=\"auto\" style=\"vertical-align: inherit\"><span dir=\"auto\" style=\"vertical-align: inherit\">A escultura de <\/span><\/span><\/span><\/span><strong data-start=\"313\" data-end=\"347\"><span dir=\"auto\" style=\"vertical-align: inherit\"><span dir=\"auto\" style=\"vertical-align: inherit\"><span dir=\"auto\" style=\"vertical-align: inherit\"><span dir=\"auto\" style=\"vertical-align: inherit\">Jesus Cristo com coroa dourada<\/span><\/span><\/span><\/span><\/strong><span dir=\"auto\" style=\"vertical-align: inherit\"><span dir=\"auto\" style=\"vertical-align: inherit\"><span dir=\"auto\" style=\"vertical-align: inherit\"><span dir=\"auto\" style=\"vertical-align: inherit\"> traz um design moderno com acabamento em branco texturizado e detalhes dourados que se destacam \u00e0 primeira vista \u2014 perfeito para quem busca sofistica\u00e7\u00e3o e presen\u00e7a na decora\u00e7\u00e3o.<\/span><\/span><\/span><\/span><\/p>\n<p data-start=\"527\" data-end=\"547\">\ud83d\udda4 <strong data-start=\"530\" data-end=\"547\"><span dir=\"auto\" style=\"vertical-align: inherit\"><span dir=\"auto\" style=\"vertical-align: inherit\"><span dir=\"auto\" style=\"vertical-align: inherit\"><span dir=\"auto\" style=\"vertical-align: inherit\">Diferenciais:<\/span><\/span><\/span><\/span><\/strong><\/p>\n<ul data-start=\"548\" data-end=\"712\">\n<li data-section-id=\"1czms1u\" data-start=\"548\" data-end=\"582\"><span dir=\"auto\" style=\"vertical-align: inherit\"><span dir=\"auto\" style=\"vertical-align: inherit\"><span dir=\"auto\" style=\"vertical-align: inherit\"><span dir=\"auto\" style=\"vertical-align: inherit\">Visual imponente e sofisticado<\/span><\/span><\/span><\/span><\/li>\n<li data-section-id=\"180406i\" data-start=\"583\" data-end=\"621\"><span dir=\"auto\" style=\"vertical-align: inherit\"><span dir=\"auto\" style=\"vertical-align: inherit\"><span dir=\"auto\" style=\"vertical-align: inherit\"><span dir=\"auto\" style=\"vertical-align: inherit\">Detalhes dourados de alto destaque<\/span><\/span><\/span><\/span><\/li>\n<li data-section-id=\"1dq14bu\" data-start=\"622\" data-end=\"667\"><span dir=\"auto\" style=\"vertical-align: inherit\"><span dir=\"auto\" style=\"vertical-align: inherit\"><span dir=\"auto\" style=\"vertical-align: inherit\"><span dir=\"auto\" style=\"vertical-align: inherit\">Ideal para decora\u00e7\u00e3o ou presente especial<\/span><\/span><\/span><\/span><\/li>\n<li data-section-id=\"nkh6zs\" data-start=\"668\" data-end=\"712\"><span dir=\"auto\" style=\"vertical-align: inherit\"><span dir=\"auto\" style=\"vertical-align: inherit\"><span dir=\"auto\" style=\"vertical-align: inherit\"><span dir=\"auto\" style=\"vertical-align: inherit\">Combina com diversos estilos de ambiente<\/span><\/span><\/span><\/span><\/li>\n<\/ul>\n<p data-start=\"714\" data-end=\"741\">\ud83d\udccf <strong data-start=\"717\" data-end=\"741\"><span dir=\"auto\" style=\"vertical-align: inherit\"><span dir=\"auto\" style=\"vertical-align: inherit\"><span dir=\"auto\" style=\"vertical-align: inherit\"><span dir=\"auto\" style=\"vertical-align: inherit\">Medidas:<\/span><\/span><\/span><\/span><\/strong><\/p>\n<ul data-start=\"742\" data-end=\"799\">\n<li data-section-id=\"3twvgj\" data-start=\"742\" data-end=\"759\"><span dir=\"auto\" style=\"vertical-align: inherit\"><span dir=\"auto\" style=\"vertical-align: inherit\"><span dir=\"auto\" style=\"vertical-align: inherit\"><span dir=\"auto\" style=\"vertical-align: inherit\">Altura: 22 cm<\/span><\/span><\/span><\/span><\/li>\n<li data-section-id=\"1b21u1u\" data-start=\"760\" data-end=\"778\"><span dir=\"auto\" style=\"vertical-align: inherit\"><span dir=\"auto\" style=\"vertical-align: inherit\"><span dir=\"auto\" style=\"vertical-align: inherit\"><span dir=\"auto\" style=\"vertical-align: inherit\">Largura: 22 cm<\/span><\/span><\/span><\/span><\/li>\n<li data-section-id=\"dryu64\" data-start=\"779\" data-end=\"799\"><span dir=\"auto\" style=\"vertical-align: inherit\"><span dir=\"auto\" style=\"vertical-align: inherit\"><span dir=\"auto\" style=\"vertical-align: inherit\"><span dir=\"auto\" style=\"vertical-align: inherit\">Espessura: 14 cm<\/span><\/span><\/span><\/span><\/li>\n<\/ul>\n<p data-start=\"801\" data-end=\"909\">\ud83d\udccd <strong data-start=\"804\" data-end=\"822\"><span dir=\"auto\" style=\"vertical-align: inherit\"><span dir=\"auto\" style=\"vertical-align: inherit\"><span dir=\"auto\" style=\"vertical-align: inherit\"><span dir=\"auto\" style=\"vertical-align: inherit\">Perfeito para:<\/span><\/span><\/span><\/span><\/strong><br \/>\n<span dir=\"auto\" style=\"vertical-align: inherit\"><span dir=\"auto\" style=\"vertical-align: inherit\"><span dir=\"auto\" style=\"vertical-align: inherit\"><span dir=\"auto\" style=\"vertical-align: inherit\"> Sala, quarto, escrit\u00f3rio ou espa\u00e7os de f\u00e9 \u2014 valorize qualquer ambiente com facilidade.<\/span><\/span><\/span><\/span><\/p>\n<p data-start=\"911\" data-end=\"1006\">\u26a1 <strong data-start=\"913\" data-end=\"934\"><span dir=\"auto\" style=\"vertical-align: inherit\"><span dir=\"auto\" style=\"vertical-align: inherit\"><span dir=\"auto\" style=\"vertical-align: inherit\"><span dir=\"auto\" style=\"vertical-align: inherit\">Garanta j\u00e1 o seu:<\/span><\/span><\/span><\/span><\/strong><br data-start=\"934\" data-end=\"937\" \/><span dir=\"auto\" style=\"vertical-align: inherit\"><span dir=\"auto\" style=\"vertical-align: inherit\"><span dir=\"auto\" style=\"vertical-align: inherit\"><span dir=\"auto\" style=\"vertical-align: inherit\"> Uma pe\u00e7a \u00fanica que tem beleza, estilo e significado em um \u00fanico produto.<\/span><\/span><\/span><\/span><\/p>\n","protected":false},"excerpt":{"rendered":"<p>\u2728Jesus Cristo com Coroa Dourada \u2013 Escultura Decorativa\u2728 Transforme seu ambiente em uma pe\u00e7a marcante, elegante e cheia de significado. A escultura de Jesus Cristo com coroa dourada traz um design moderno com acabamento em branco texturizado e detalhes dourados que se destacam \u00e0 primeira vista \u2014 perfeito para quem busca sofistica\u00e7\u00e3o e presen\u00e7a na [&hellip;]<\/p>\n","protected":false},"featured_media":564510,"comment_status":"open","ping_status":"closed","template":"","meta":[],"product_brand":[],"product_cat":[15],"product_tag":[5691],"class_list":{"0":"post-543904","1":"product","2":"type-product","3":"status-publish","4":"has-post-thumbnail","6":"product_cat-uncategorized","7":"product_tag-religiao","9":"first","10":"instock","11":"sale","12":"taxable","13":"shipping-taxable","14":"purchasable","15":"product-type-simple"},"yoast_head":"<!-- This site is optimized with the Yoast SEO plugin v25.1 - https:\/\/yoast.com\/wordpress\/plugins\/seo\/ -->\n<title>Jesus Cristo com coroa dourada - MyStore - By STLFLIX<\/title>\n<meta name=\"robots\" content=\"index, follow, max-snippet:-1, max-image-preview:large, max-video-preview:-1\" \/>\n<link rel=\"canonical\" href=\"https:\/\/www.my3dstore-example.com\/product\/holy-christ-69b07bf2b39bd\/\" \/>\n<meta property=\"og:locale\" content=\"tr_TR\" \/>\n<meta property=\"og:type\" content=\"article\" \/>\n<meta property=\"og:title\" content=\"Jesus Cristo com coroa dourada - MyStore - By STLFLIX\" \/>\n<meta property=\"og:description\" content=\"\u2728Jesus Cristo com Coroa Dourada \u2013 Escultura Decorativa\u2728 Transforme seu ambiente em uma pe\u00e7a marcante, elegante e cheia de significado. A escultura de Jesus Cristo com coroa dourada traz um design moderno com acabamento em branco texturizado e detalhes dourados que se destacam \u00e0 primeira vista \u2014 perfeito para quem busca sofistica\u00e7\u00e3o e presen\u00e7a na [&hellip;]\" \/>\n<meta property=\"og:url\" content=\"https:\/\/www.my3dstore-example.com\/product\/holy-christ-69b07bf2b39bd\/\" \/>\n<meta property=\"og:site_name\" content=\"MyStore - By STLFLIX\" \/>\n<meta property=\"article:publisher\" content=\"https:\/\/www.facebook.com\/STLFLIX\" \/>\n<meta property=\"article:modified_time\" content=\"2026-04-23T16:58:06+00:00\" \/>\n<meta property=\"og:image\" content=\"https:\/\/www.my3dstore-example.com\/wp-content\/uploads\/2026\/04\/cropped-Holy_Christ_3_26eabe1472.webp\" \/>\n\t<meta property=\"og:image:width\" content=\"699\" \/>\n\t<meta property=\"og:image:height\" content=\"873\" \/>\n\t<meta property=\"og:image:type\" content=\"image\/webp\" \/>\n<meta name=\"twitter:card\" content=\"summary_large_image\" \/>\n<meta name=\"twitter:label1\" content=\"Est. reading time\" \/>\n\t<meta name=\"twitter:data1\" content=\"1 minute\" \/>\n<script type=\"application\/ld+json\" class=\"yoast-schema-graph\">{\"@context\":\"https:\/\/schema.org\",\"@graph\":[{\"@type\":\"WebPage\",\"@id\":\"https:\/\/www.my3dstore-example.com\/product\/holy-christ-69b07bf2b39bd\/\",\"url\":\"https:\/\/www.my3dstore-example.com\/product\/holy-christ-69b07bf2b39bd\/\",\"name\":\"Jesus Cristo com coroa dourada - MyStore - By STLFLIX\",\"isPartOf\":{\"@id\":\"https:\/\/my.stlflix.com\/#website\"},\"primaryImageOfPage\":{\"@id\":\"https:\/\/www.my3dstore-example.com\/product\/holy-christ-69b07bf2b39bd\/#primaryimage\"},\"image\":{\"@id\":\"https:\/\/www.my3dstore-example.com\/product\/holy-christ-69b07bf2b39bd\/#primaryimage\"},\"thumbnailUrl\":\"https:\/\/www.my3dstore-example.com\/wp-content\/uploads\/2026\/04\/cropped-Holy_Christ_3_26eabe1472.webp\",\"datePublished\":\"2026-04-23T16:58:05+00:00\",\"dateModified\":\"2026-04-23T16:58:06+00:00\",\"breadcrumb\":{\"@id\":\"https:\/\/www.my3dstore-example.com\/product\/holy-christ-69b07bf2b39bd\/#breadcrumb\"},\"inLanguage\":\"tr-TR\",\"potentialAction\":[{\"@type\":\"ReadAction\",\"target\":[\"https:\/\/www.my3dstore-example.com\/product\/holy-christ-69b07bf2b39bd\/\"]}]},{\"@type\":\"ImageObject\",\"inLanguage\":\"tr-TR\",\"@id\":\"https:\/\/www.my3dstore-example.com\/product\/holy-christ-69b07bf2b39bd\/#primaryimage\",\"url\":\"https:\/\/www.my3dstore-example.com\/wp-content\/uploads\/2026\/04\/cropped-Holy_Christ_3_26eabe1472.webp\",\"contentUrl\":\"https:\/\/www.my3dstore-example.com\/wp-content\/uploads\/2026\/04\/cropped-Holy_Christ_3_26eabe1472.webp\",\"width\":699,\"height\":873},{\"@type\":\"BreadcrumbList\",\"@id\":\"https:\/\/www.my3dstore-example.com\/product\/holy-christ-69b07bf2b39bd\/#breadcrumb\",\"itemListElement\":[{\"@type\":\"ListItem\",\"position\":1,\"name\":\"Home\",\"item\":\"https:\/\/www.monitorstlflix.com\/\"},{\"@type\":\"ListItem\",\"position\":2,\"name\":\"Products\",\"item\":\"https:\/\/www.stlflix-store.com\/shop\/\"},{\"@type\":\"ListItem\",\"position\":3,\"name\":\"Jesus Cristo com coroa dourada\"}]},{\"@type\":\"WebSite\",\"@id\":\"https:\/\/my.stlflix.com\/#website\",\"url\":\"https:\/\/my.stlflix.com\/\",\"name\":\"MyStore - By STLFLIX\",\"description\":\"\",\"publisher\":{\"@id\":\"https:\/\/my.stlflix.com\/#organization\"},\"potentialAction\":[{\"@type\":\"SearchAction\",\"target\":{\"@type\":\"EntryPoint\",\"urlTemplate\":\"https:\/\/my.stlflix.com\/?s={search_term_string}\"},\"query-input\":{\"@type\":\"PropertyValueSpecification\",\"valueRequired\":true,\"valueName\":\"search_term_string\"}}],\"inLanguage\":\"tr-TR\"},{\"@type\":\"Organization\",\"@id\":\"https:\/\/my.stlflix.com\/#organization\",\"name\":\"MyStore - By STLFLIX\",\"url\":\"https:\/\/my.stlflix.com\/\",\"logo\":{\"@type\":\"ImageObject\",\"inLanguage\":\"tr-TR\",\"@id\":\"https:\/\/my.stlflix.com\/#\/schema\/logo\/image\/\",\"url\":\"https:\/\/my.stlflix.com\/wp-content\/uploads\/2024\/06\/logo-mystore.png\",\"contentUrl\":\"https:\/\/my.stlflix.com\/wp-content\/uploads\/2024\/06\/logo-mystore.png\",\"width\":150,\"height\":41,\"caption\":\"MyStore - By STLFLIX\"},\"image\":{\"@id\":\"https:\/\/my.stlflix.com\/#\/schema\/logo\/image\/\"},\"sameAs\":[\"https:\/\/www.facebook.com\/STLFLIX\",\"https:\/\/www.instagram.com\/stlflix_\/\",\"https:\/\/www.tiktok.com\/@stlflix\"]}]}<\/script>\n<!-- \/ Yoast SEO plugin. -->","yoast_head_json":{"title":"Jesus Cristo com coroa dourada - MyStore - By STLFLIX","robots":{"index":"index","follow":"follow","max-snippet":"max-snippet:-1","max-image-preview":"max-image-preview:large","max-video-preview":"max-video-preview:-1"},"canonical":"https:\/\/www.my3dstore-example.com\/product\/holy-christ-69b07bf2b39bd\/","og_locale":"tr_TR","og_type":"article","og_title":"Jesus Cristo com coroa dourada - MyStore - By STLFLIX","og_description":"\u2728Jesus Cristo com Coroa Dourada \u2013 Escultura Decorativa\u2728 Transforme seu ambiente em uma pe\u00e7a marcante, elegante e cheia de significado. A escultura de Jesus Cristo com coroa dourada traz um design moderno com acabamento em branco texturizado e detalhes dourados que se destacam \u00e0 primeira vista \u2014 perfeito para quem busca sofistica\u00e7\u00e3o e presen\u00e7a na [&hellip;]","og_url":"https:\/\/www.my3dstore-example.com\/product\/holy-christ-69b07bf2b39bd\/","og_site_name":"MyStore - By STLFLIX","article_publisher":"https:\/\/www.facebook.com\/STLFLIX","article_modified_time":"2026-04-23T16:58:06+00:00","og_image":[{"width":699,"height":873,"url":"https:\/\/www.my3dstore-example.com\/wp-content\/uploads\/2026\/04\/cropped-Holy_Christ_3_26eabe1472.webp","type":"image\/webp"}],"twitter_card":"summary_large_image","twitter_misc":{"Est. reading time":"1 minute"},"schema":{"@context":"https:\/\/schema.org","@graph":[{"@type":"WebPage","@id":"https:\/\/www.my3dstore-example.com\/product\/holy-christ-69b07bf2b39bd\/","url":"https:\/\/www.my3dstore-example.com\/product\/holy-christ-69b07bf2b39bd\/","name":"Jesus Cristo com coroa dourada - MyStore - By STLFLIX","isPartOf":{"@id":"https:\/\/my.stlflix.com\/#website"},"primaryImageOfPage":{"@id":"https:\/\/www.my3dstore-example.com\/product\/holy-christ-69b07bf2b39bd\/#primaryimage"},"image":{"@id":"https:\/\/www.my3dstore-example.com\/product\/holy-christ-69b07bf2b39bd\/#primaryimage"},"thumbnailUrl":"https:\/\/www.my3dstore-example.com\/wp-content\/uploads\/2026\/04\/cropped-Holy_Christ_3_26eabe1472.webp","datePublished":"2026-04-23T16:58:05+00:00","dateModified":"2026-04-23T16:58:06+00:00","breadcrumb":{"@id":"https:\/\/www.my3dstore-example.com\/product\/holy-christ-69b07bf2b39bd\/#breadcrumb"},"inLanguage":"tr-TR","potentialAction":[{"@type":"ReadAction","target":["https:\/\/www.my3dstore-example.com\/product\/holy-christ-69b07bf2b39bd\/"]}]},{"@type":"ImageObject","inLanguage":"tr-TR","@id":"https:\/\/www.my3dstore-example.com\/product\/holy-christ-69b07bf2b39bd\/#primaryimage","url":"https:\/\/www.my3dstore-example.com\/wp-content\/uploads\/2026\/04\/cropped-Holy_Christ_3_26eabe1472.webp","contentUrl":"https:\/\/www.my3dstore-example.com\/wp-content\/uploads\/2026\/04\/cropped-Holy_Christ_3_26eabe1472.webp","width":699,"height":873},{"@type":"BreadcrumbList","@id":"https:\/\/www.my3dstore-example.com\/product\/holy-christ-69b07bf2b39bd\/#breadcrumb","itemListElement":[{"@type":"ListItem","position":1,"name":"Home","item":"https:\/\/www.monitorstlflix.com\/"},{"@type":"ListItem","position":2,"name":"Products","item":"https:\/\/www.stlflix-store.com\/shop\/"},{"@type":"ListItem","position":3,"name":"Jesus Cristo com coroa dourada"}]},{"@type":"WebSite","@id":"https:\/\/my.stlflix.com\/#website","url":"https:\/\/my.stlflix.com\/","name":"MyStore - By STLFLIX","description":"","publisher":{"@id":"https:\/\/my.stlflix.com\/#organization"},"potentialAction":[{"@type":"SearchAction","target":{"@type":"EntryPoint","urlTemplate":"https:\/\/my.stlflix.com\/?s={search_term_string}"},"query-input":{"@type":"PropertyValueSpecification","valueRequired":true,"valueName":"search_term_string"}}],"inLanguage":"tr-TR"},{"@type":"Organization","@id":"https:\/\/my.stlflix.com\/#organization","name":"MyStore - By STLFLIX","url":"https:\/\/my.stlflix.com\/","logo":{"@type":"ImageObject","inLanguage":"tr-TR","@id":"https:\/\/my.stlflix.com\/#\/schema\/logo\/image\/","url":"https:\/\/my.stlflix.com\/wp-content\/uploads\/2024\/06\/logo-mystore.png","contentUrl":"https:\/\/my.stlflix.com\/wp-content\/uploads\/2024\/06\/logo-mystore.png","width":150,"height":41,"caption":"MyStore - By STLFLIX"},"image":{"@id":"https:\/\/my.stlflix.com\/#\/schema\/logo\/image\/"},"sameAs":["https:\/\/www.facebook.com\/STLFLIX","https:\/\/www.instagram.com\/stlflix_\/","https:\/\/www.tiktok.com\/@stlflix"]}]}},"_links":{"self":[{"href":"https:\/\/www.my3dstore-example.com\/tr\/wp-json\/wp\/v2\/product\/543904","targetHints":{"allow":["GET"]}}],"collection":[{"href":"https:\/\/www.my3dstore-example.com\/tr\/wp-json\/wp\/v2\/product"}],"about":[{"href":"https:\/\/www.my3dstore-example.com\/tr\/wp-json\/wp\/v2\/types\/product"}],"replies":[{"embeddable":true,"href":"https:\/\/www.my3dstore-example.com\/tr\/wp-json\/wp\/v2\/comments?post=543904"}],"wp:featuredmedia":[{"embeddable":true,"href":"https:\/\/www.my3dstore-example.com\/tr\/wp-json\/wp\/v2\/media\/564510"}],"wp:attachment":[{"href":"https:\/\/www.my3dstore-example.com\/tr\/wp-json\/wp\/v2\/media?parent=543904"}],"wp:term":[{"taxonomy":"product_brand","embeddable":true,"href":"https:\/\/www.my3dstore-example.com\/tr\/wp-json\/wp\/v2\/product_brand?post=543904"},{"taxonomy":"product_cat","embeddable":true,"href":"https:\/\/www.my3dstore-example.com\/tr\/wp-json\/wp\/v2\/product_cat?post=543904"},{"taxonomy":"product_tag","embeddable":true,"href":"https:\/\/www.my3dstore-example.com\/tr\/wp-json\/wp\/v2\/product_tag?post=543904"}],"curies":[{"name":"wp","href":"https:\/\/api.w.org\/{rel}","templated":true}]}}