{"id":159588,"date":"2024-11-13T17:59:40","date_gmt":"2024-11-13T17:59:40","guid":{"rendered":"https:\/\/my.stlflix.com\/help_payment\/"},"modified":"2024-11-18T13:52:36","modified_gmt":"2024-11-18T13:52:36","slug":"help_payment","status":"publish","type":"page","link":"https:\/\/www.my3dstore-example.com\/tr\/help_payment\/","title":{"rendered":"Help_Payment"},"content":{"rendered":"\t\t<div data-elementor-type=\"wp-page\" data-elementor-id=\"159588\" class=\"elementor elementor-159588\" data-elementor-post-type=\"page\">\n\t\t\t\t<div class=\"elementor-element elementor-element-28a6d88 e-flex e-con-boxed e-con e-parent\" data-id=\"28a6d88\" data-element_type=\"container\">\n\t\t\t\t\t<div class=\"e-con-inner\">\n\t\t<div class=\"elementor-element elementor-element-7112d7a e-con-full e-flex e-con e-child\" data-id=\"7112d7a\" data-element_type=\"container\">\n\t\t\t\t<div class=\"elementor-element elementor-element-1e63438 elementor-view-default elementor-widget elementor-widget-icon\" data-id=\"1e63438\" data-element_type=\"widget\" data-widget_type=\"icon.default\">\n\t\t\t\t<div class=\"elementor-widget-container\">\n\t\t\t\t\t\t\t<div class=\"elementor-icon-wrapper\">\n\t\t\t<a class=\"elementor-icon\" href=\"https:\/\/my.stlflix.com\/tr\/help\">\n\t\t\t<svg aria-hidden=\"true\" class=\"e-font-icon-svg e-fas-arrow-left\" viewBox=\"0 0 448 512\" xmlns=\"http:\/\/www.w3.org\/2000\/svg\"><path d=\"M257.5 445.1l-22.2 22.2c-9.4 9.4-24.6 9.4-33.9 0L7 273c-9.4-9.4-9.4-24.6 0-33.9L201.4 44.7c9.4-9.4 24.6-9.4 33.9 0l22.2 22.2c9.5 9.5 9.3 25-.4 34.3L136.6 216H424c13.3 0 24 10.7 24 24v32c0 13.3-10.7 24-24 24H136.6l120.5 114.8c9.8 9.3 10 24.8.4 34.3z\"><\/path><\/svg>\t\t\t<\/a>\n\t\t<\/div>\n\t\t\t\t\t\t<\/div>\n\t\t\t\t<\/div>\n\t\t\t\t<div class=\"elementor-element elementor-element-7c2409a elementor-widget elementor-widget-heading\" data-id=\"7c2409a\" data-element_type=\"widget\" data-widget_type=\"heading.default\">\n\t\t\t\t<div class=\"elementor-widget-container\">\n\t\t\t\t\t<h2 class=\"elementor-heading-title elementor-size-default\"><a href=\"https:\/\/my.stlflix.com\/tr\/help\">Yard\u0131m Men\u00fcs\u00fcne Geri D\u00f6n<\/a><\/h2>\t\t\t\t<\/div>\n\t\t\t\t<\/div>\n\t\t\t\t<\/div>\n\t\t\t\t<div class=\"elementor-element elementor-element-1c71527 elementor-widget elementor-widget-heading\" data-id=\"1c71527\" data-element_type=\"widget\" data-widget_type=\"heading.default\">\n\t\t\t\t<div class=\"elementor-widget-container\">\n\t\t\t\t\t<h2 class=\"elementor-heading-title elementor-size-default\">\u00d6deme y\u00f6ntemimi nas\u0131l ayarlar\u0131m?\n\n\n\n\n\n\n<\/h2>\t\t\t\t<\/div>\n\t\t\t\t<\/div>\n\t\t\t\t<div class=\"elementor-element elementor-element-021bf40 elementor-widget elementor-widget-text-editor\" data-id=\"021bf40\" data-element_type=\"widget\" data-widget_type=\"text-editor.default\">\n\t\t\t\t<div class=\"elementor-widget-container\">\n\t\t\t\t\t\t\t\t\t<div class=\"flex flex-grow flex-col max-w-full\"><div class=\"min-h-[20px] text-message flex flex-col items-start whitespace-pre-wrap break-words [.text-message+&amp;]:mt-5 juice:w-full juice:items-end overflow-x-auto gap-2\" dir=\"auto\" data-message-author-role=\"assistant\" data-message-id=\"2fc8791d-8dbe-4b2d-90b8-5101c4cc69f5\"><div class=\"flex w-full flex-col gap-1 juice:first:pt-[3px]\"><div class=\"markdown prose w-full break-words dark:prose-invert light\"><div class=\"flex flex-grow flex-col max-w-full\"><div class=\"min-h-[20px] text-message flex flex-col items-start whitespace-pre-wrap break-words [.text-message+&amp;]:mt-5 juice:w-full juice:items-end overflow-x-auto gap-2\" dir=\"auto\" data-message-author-role=\"assistant\" data-message-id=\"2fc8791d-8dbe-4b2d-90b8-5101c4cc69f5\"><div class=\"flex w-full flex-col gap-1 juice:first:pt-[3px]\"><div class=\"markdown prose w-full break-words dark:prose-invert light\"><p>1. Sol men\u00fcde, \u201cAyarlar\u201d se\u00e7ene\u011fine geri d\u00f6n\u00fcn ve \u201c\u00d6deme Ayarlar\u0131\u201dn\u0131 se\u00e7in.<\/p><\/div><\/div><\/div><\/div><\/div><\/div><\/div><\/div>\t\t\t\t\t\t\t\t<\/div>\n\t\t\t\t<\/div>\n\t\t\t\t<div class=\"elementor-element elementor-element-e3a4917 elementor-widget elementor-widget-image\" data-id=\"e3a4917\" data-element_type=\"widget\" data-widget_type=\"image.default\">\n\t\t\t\t<div class=\"elementor-widget-container\">\n\t\t\t\t\t\t\t\t\t\t\t\t\t\t\t<img fetchpriority=\"high\" decoding=\"async\" width=\"1024\" height=\"584\" src=\"https:\/\/www.my3dstore-example.com\/wp-content\/uploads\/2024\/07\/Pay1-1-1024x584.png\" class=\"attachment-large size-large wp-image-52425\" alt=\"\" srcset=\"https:\/\/www.my3dstore-example.com\/wp-content\/uploads\/2024\/07\/Pay1-1-1024x584.png 1024w, https:\/\/www.my3dstore-example.com\/wp-content\/uploads\/2024\/07\/Pay1-1-300x171.png 300w, https:\/\/www.my3dstore-example.com\/wp-content\/uploads\/2024\/07\/Pay1-1-768x438.png 768w, https:\/\/www.my3dstore-example.com\/wp-content\/uploads\/2024\/07\/Pay1-1-1536x876.png 1536w, https:\/\/www.my3dstore-example.com\/wp-content\/uploads\/2024\/07\/Pay1-1-600x342.png 600w, https:\/\/www.my3dstore-example.com\/wp-content\/uploads\/2024\/07\/Pay1-1-500x285.png 500w, https:\/\/www.my3dstore-example.com\/wp-content\/uploads\/2024\/07\/Pay1-1.png 1697w\" sizes=\"(max-width: 1024px) 100vw, 1024px\" \/>\t\t\t\t\t\t\t\t\t\t\t\t\t\t\t<\/div>\n\t\t\t\t<\/div>\n\t\t\t\t<div class=\"elementor-element elementor-element-7affb45 elementor-widget elementor-widget-text-editor\" data-id=\"7affb45\" data-element_type=\"widget\" data-widget_type=\"text-editor.default\">\n\t\t\t\t<div class=\"elementor-widget-container\">\n\t\t\t\t\t\t\t\t\t<p>2. Mevcut \u00f6deme y\u00f6ntemini se\u00e7meniz gerekecek (Burada, Stripe kullan\u0131lacakt\u0131r).<\/p>\t\t\t\t\t\t\t\t<\/div>\n\t\t\t\t<\/div>\n\t\t\t\t<div class=\"elementor-element elementor-element-1c2503a elementor-widget elementor-widget-image\" data-id=\"1c2503a\" data-element_type=\"widget\" data-widget_type=\"image.default\">\n\t\t\t\t<div class=\"elementor-widget-container\">\n\t\t\t\t\t\t\t\t\t\t\t\t\t\t\t<img decoding=\"async\" width=\"1024\" height=\"584\" src=\"https:\/\/www.my3dstore-example.com\/wp-content\/uploads\/2024\/07\/Pay2-1-1024x584.png\" class=\"attachment-large size-large wp-image-52428\" alt=\"\" srcset=\"https:\/\/www.my3dstore-example.com\/wp-content\/uploads\/2024\/07\/Pay2-1-1024x584.png 1024w, https:\/\/www.my3dstore-example.com\/wp-content\/uploads\/2024\/07\/Pay2-1-300x171.png 300w, https:\/\/www.my3dstore-example.com\/wp-content\/uploads\/2024\/07\/Pay2-1-768x438.png 768w, https:\/\/www.my3dstore-example.com\/wp-content\/uploads\/2024\/07\/Pay2-1-1536x876.png 1536w, https:\/\/www.my3dstore-example.com\/wp-content\/uploads\/2024\/07\/Pay2-1-600x342.png 600w, https:\/\/www.my3dstore-example.com\/wp-content\/uploads\/2024\/07\/Pay2-1-500x285.png 500w, https:\/\/www.my3dstore-example.com\/wp-content\/uploads\/2024\/07\/Pay2-1.png 1697w\" sizes=\"(max-width: 1024px) 100vw, 1024px\" \/>\t\t\t\t\t\t\t\t\t\t\t\t\t\t\t<\/div>\n\t\t\t\t<\/div>\n\t\t\t\t<div class=\"elementor-element elementor-element-c8c5d59 elementor-widget elementor-widget-text-editor\" data-id=\"c8c5d59\" data-element_type=\"widget\" data-widget_type=\"text-editor.default\">\n\t\t\t\t<div class=\"elementor-widget-container\">\n\t\t\t\t\t\t\t\t\t<p>3. Hesab\u0131n\u0131z\u0131n hen\u00fcz ba\u011fl\u0131 olmad\u0131\u011f\u0131na dair bir bildirim g\u00f6receksiniz. &#8216;Stripe ile Ba\u011flan&#8217; butonuna t\u0131klay\u0131n.<\/p>\t\t\t\t\t\t\t\t<\/div>\n\t\t\t\t<\/div>\n\t\t\t\t<div class=\"elementor-element elementor-element-3550e49 elementor-widget elementor-widget-image\" data-id=\"3550e49\" data-element_type=\"widget\" data-widget_type=\"image.default\">\n\t\t\t\t<div class=\"elementor-widget-container\">\n\t\t\t\t\t\t\t\t\t\t\t\t\t\t\t<img decoding=\"async\" width=\"1024\" height=\"584\" src=\"https:\/\/www.my3dstore-example.com\/wp-content\/uploads\/2024\/07\/Pay3-1-1024x584.png\" class=\"attachment-large size-large wp-image-52434\" alt=\"\" srcset=\"https:\/\/www.my3dstore-example.com\/wp-content\/uploads\/2024\/07\/Pay3-1-1024x584.png 1024w, https:\/\/www.my3dstore-example.com\/wp-content\/uploads\/2024\/07\/Pay3-1-300x171.png 300w, https:\/\/www.my3dstore-example.com\/wp-content\/uploads\/2024\/07\/Pay3-1-768x438.png 768w, https:\/\/www.my3dstore-example.com\/wp-content\/uploads\/2024\/07\/Pay3-1-1536x876.png 1536w, https:\/\/www.my3dstore-example.com\/wp-content\/uploads\/2024\/07\/Pay3-1-600x342.png 600w, https:\/\/www.my3dstore-example.com\/wp-content\/uploads\/2024\/07\/Pay3-1-500x285.png 500w, https:\/\/www.my3dstore-example.com\/wp-content\/uploads\/2024\/07\/Pay3-1.png 1697w\" sizes=\"(max-width: 1024px) 100vw, 1024px\" \/>\t\t\t\t\t\t\t\t\t\t\t\t\t\t\t<\/div>\n\t\t\t\t<\/div>\n\t\t\t\t<div class=\"elementor-element elementor-element-68aea81 elementor-widget elementor-widget-text-editor\" data-id=\"68aea81\" data-element_type=\"widget\" data-widget_type=\"text-editor.default\">\n\t\t\t\t<div class=\"elementor-widget-container\">\n\t\t\t\t\t\t\t\t\t<p>4. Sonraki sayfaya y\u00f6nlendirildi\u011finizde, \u00f6deme y\u00f6nteminizi etkinle\u015ftirmek i\u00e7in bir Stripe hesab\u0131 olu\u015fturman\u0131z gerekecek. Zaten bir hesab\u0131n\u0131z varsa, bir sonraki ad\u0131ma ge\u00e7ebilir ve bilgilerinizi girerek i\u015flemi tamamlayabilirsiniz. Hen\u00fcz bir hesab\u0131n\u0131z yoksa, basit\u00e7e bir tane olu\u015fturun ve ard\u0131ndan bilgilerinizi girin.<\/p>\t\t\t\t\t\t\t\t<\/div>\n\t\t\t\t<\/div>\n\t\t\t\t<div class=\"elementor-element elementor-element-5b21551 elementor-widget elementor-widget-image\" data-id=\"5b21551\" data-element_type=\"widget\" data-widget_type=\"image.default\">\n\t\t\t\t<div class=\"elementor-widget-container\">\n\t\t\t\t\t\t\t\t\t\t\t\t\t\t\t<img loading=\"lazy\" decoding=\"async\" width=\"1024\" height=\"584\" src=\"https:\/\/www.my3dstore-example.com\/wp-content\/uploads\/2024\/07\/Pay4-1-1024x584.png\" class=\"attachment-large size-large wp-image-52437\" alt=\"\" srcset=\"https:\/\/www.my3dstore-example.com\/wp-content\/uploads\/2024\/07\/Pay4-1-1024x584.png 1024w, https:\/\/www.my3dstore-example.com\/wp-content\/uploads\/2024\/07\/Pay4-1-300x171.png 300w, https:\/\/www.my3dstore-example.com\/wp-content\/uploads\/2024\/07\/Pay4-1-768x438.png 768w, https:\/\/www.my3dstore-example.com\/wp-content\/uploads\/2024\/07\/Pay4-1-1536x876.png 1536w, https:\/\/www.my3dstore-example.com\/wp-content\/uploads\/2024\/07\/Pay4-1-600x342.png 600w, https:\/\/www.my3dstore-example.com\/wp-content\/uploads\/2024\/07\/Pay4-1-500x285.png 500w, https:\/\/www.my3dstore-example.com\/wp-content\/uploads\/2024\/07\/Pay4-1.png 1697w\" sizes=\"(max-width: 1024px) 100vw, 1024px\" \/>\t\t\t\t\t\t\t\t\t\t\t\t\t\t\t<\/div>\n\t\t\t\t<\/div>\n\t\t\t\t<div class=\"elementor-element elementor-element-5358136 elementor-widget elementor-widget-text-editor\" data-id=\"5358136\" data-element_type=\"widget\" data-widget_type=\"text-editor.default\">\n\t\t\t\t<div class=\"elementor-widget-container\">\n\t\t\t\t\t\t\t\t\t<p>5. Tamam! Stripe entegrasyon ayarlar\u0131n\u0131z\u0131n tamamland\u0131\u011f\u0131na ve art\u0131k aktif oldu\u011funa dair bir bildirim alacaks\u0131n\u0131z.<\/p>\t\t\t\t\t\t\t\t<\/div>\n\t\t\t\t<\/div>\n\t\t\t\t<div class=\"elementor-element elementor-element-8e2aaa2 elementor-widget elementor-widget-image\" data-id=\"8e2aaa2\" data-element_type=\"widget\" data-widget_type=\"image.default\">\n\t\t\t\t<div class=\"elementor-widget-container\">\n\t\t\t\t\t\t\t\t\t\t\t\t\t\t\t<img loading=\"lazy\" decoding=\"async\" width=\"1024\" height=\"584\" src=\"https:\/\/www.my3dstore-example.com\/wp-content\/uploads\/2024\/07\/Pay5-1-1024x584.png\" class=\"attachment-large size-large wp-image-52443\" alt=\"\" srcset=\"https:\/\/www.my3dstore-example.com\/wp-content\/uploads\/2024\/07\/Pay5-1-1024x584.png 1024w, https:\/\/www.my3dstore-example.com\/wp-content\/uploads\/2024\/07\/Pay5-1-300x171.png 300w, https:\/\/www.my3dstore-example.com\/wp-content\/uploads\/2024\/07\/Pay5-1-768x438.png 768w, https:\/\/www.my3dstore-example.com\/wp-content\/uploads\/2024\/07\/Pay5-1-1536x876.png 1536w, https:\/\/www.my3dstore-example.com\/wp-content\/uploads\/2024\/07\/Pay5-1-600x342.png 600w, https:\/\/www.my3dstore-example.com\/wp-content\/uploads\/2024\/07\/Pay5-1-500x285.png 500w, https:\/\/www.my3dstore-example.com\/wp-content\/uploads\/2024\/07\/Pay5-1.png 1697w\" sizes=\"(max-width: 1024px) 100vw, 1024px\" \/>\t\t\t\t\t\t\t\t\t\t\t\t\t\t\t<\/div>\n\t\t\t\t<\/div>\n\t\t\t\t\t<\/div>\n\t\t\t\t<\/div>\n\t\t\t\t<\/div>\n\t\t","protected":false},"excerpt":{"rendered":"<p>Yard\u0131m Men\u00fcs\u00fcne Geri D\u00f6n \u00d6deme y\u00f6ntemimi nas\u0131l ayarlar\u0131m? 1. Sol men\u00fcde, \u201cAyarlar\u201d se\u00e7ene\u011fine geri d\u00f6n\u00fcn ve \u201c\u00d6deme Ayarlar\u0131\u201dn\u0131 se\u00e7in. 2. Mevcut \u00f6deme y\u00f6ntemini se\u00e7meniz gerekecek (Burada, Stripe kullan\u0131lacakt\u0131r). 3. Hesab\u0131n\u0131z\u0131n hen\u00fcz ba\u011fl\u0131 olmad\u0131\u011f\u0131na dair bir bildirim g\u00f6receksiniz. &#8216;Stripe ile Ba\u011flan&#8217; butonuna t\u0131klay\u0131n. 4. Sonraki sayfaya y\u00f6nlendirildi\u011finizde, \u00f6deme y\u00f6nteminizi etkinle\u015ftirmek i\u00e7in bir Stripe hesab\u0131 olu\u015fturman\u0131z gerekecek. [&hellip;]<\/p>\n","protected":false},"author":358,"featured_media":0,"parent":0,"menu_order":0,"comment_status":"closed","ping_status":"closed","template":"","meta":{"footnotes":""},"class_list":["post-159588","page","type-page","status-publish","hentry"],"yoast_head":"<!-- This site is optimized with the Yoast SEO plugin v25.1 - https:\/\/yoast.com\/wordpress\/plugins\/seo\/ -->\n<title>Help_Payment - MyStore - By STLFLIX<\/title>\n<meta name=\"robots\" content=\"index, follow, max-snippet:-1, max-image-preview:large, max-video-preview:-1\" \/>\n<link rel=\"canonical\" href=\"https:\/\/my.stlflix.com\/help_payment\/\" \/>\n<meta property=\"og:locale\" content=\"tr_TR\" \/>\n<meta property=\"og:type\" content=\"article\" \/>\n<meta property=\"og:title\" content=\"Help_Payment - MyStore - By STLFLIX\" \/>\n<meta property=\"og:description\" content=\"Yard\u0131m Men\u00fcs\u00fcne Geri D\u00f6n \u00d6deme y\u00f6ntemimi nas\u0131l ayarlar\u0131m? 1. Sol men\u00fcde, \u201cAyarlar\u201d se\u00e7ene\u011fine geri d\u00f6n\u00fcn ve \u201c\u00d6deme Ayarlar\u0131\u201dn\u0131 se\u00e7in. 2. Mevcut \u00f6deme y\u00f6ntemini se\u00e7meniz gerekecek (Burada, Stripe kullan\u0131lacakt\u0131r). 3. Hesab\u0131n\u0131z\u0131n hen\u00fcz ba\u011fl\u0131 olmad\u0131\u011f\u0131na dair bir bildirim g\u00f6receksiniz. &#8216;Stripe ile Ba\u011flan&#8217; butonuna t\u0131klay\u0131n. 4. Sonraki sayfaya y\u00f6nlendirildi\u011finizde, \u00f6deme y\u00f6nteminizi etkinle\u015ftirmek i\u00e7in bir Stripe hesab\u0131 olu\u015fturman\u0131z gerekecek. [&hellip;]\" \/>\n<meta property=\"og:url\" content=\"https:\/\/my.stlflix.com\/help_payment\/\" \/>\n<meta property=\"og:site_name\" content=\"MyStore - By STLFLIX\" \/>\n<meta property=\"article:publisher\" content=\"https:\/\/www.facebook.com\/STLFLIX\" \/>\n<meta property=\"article:modified_time\" content=\"2024-11-18T13:52:36+00:00\" \/>\n<meta property=\"og:image\" content=\"https:\/\/my.stlflix.com\/wp-content\/uploads\/2024\/07\/Pay1-1-1024x584.png\" \/>\n<meta name=\"twitter:card\" content=\"summary_large_image\" \/>\n<meta name=\"twitter:label1\" content=\"Est. reading time\" \/>\n\t<meta name=\"twitter:data1\" content=\"2 minutes\" \/>\n<script type=\"application\/ld+json\" class=\"yoast-schema-graph\">{\"@context\":\"https:\/\/schema.org\",\"@graph\":[{\"@type\":\"WebPage\",\"@id\":\"https:\/\/my.stlflix.com\/help_payment\/\",\"url\":\"https:\/\/my.stlflix.com\/help_payment\/\",\"name\":\"Help_Payment - MyStore - By STLFLIX\",\"isPartOf\":{\"@id\":\"https:\/\/my.stlflix.com\/tr\/#website\"},\"primaryImageOfPage\":{\"@id\":\"https:\/\/my.stlflix.com\/help_payment\/#primaryimage\"},\"image\":{\"@id\":\"https:\/\/my.stlflix.com\/help_payment\/#primaryimage\"},\"thumbnailUrl\":\"https:\/\/my.stlflix.com\/wp-content\/uploads\/2024\/07\/Pay1-1-1024x584.png\",\"datePublished\":\"2024-11-13T17:59:40+00:00\",\"dateModified\":\"2024-11-18T13:52:36+00:00\",\"breadcrumb\":{\"@id\":\"https:\/\/my.stlflix.com\/help_payment\/#breadcrumb\"},\"inLanguage\":\"tr-TR\",\"potentialAction\":[{\"@type\":\"ReadAction\",\"target\":[\"https:\/\/my.stlflix.com\/help_payment\/\"]}]},{\"@type\":\"ImageObject\",\"inLanguage\":\"tr-TR\",\"@id\":\"https:\/\/my.stlflix.com\/help_payment\/#primaryimage\",\"url\":\"https:\/\/my.stlflix.com\/wp-content\/uploads\/2024\/07\/Pay1-1-1024x584.png\",\"contentUrl\":\"https:\/\/my.stlflix.com\/wp-content\/uploads\/2024\/07\/Pay1-1-1024x584.png\"},{\"@type\":\"BreadcrumbList\",\"@id\":\"https:\/\/my.stlflix.com\/help_payment\/#breadcrumb\",\"itemListElement\":[{\"@type\":\"ListItem\",\"position\":1,\"name\":\"Home\",\"item\":\"https:\/\/my.stlflix.com\/\"},{\"@type\":\"ListItem\",\"position\":2,\"name\":\"Help_Payment\"}]},{\"@type\":\"WebSite\",\"@id\":\"https:\/\/my.stlflix.com\/tr\/#website\",\"url\":\"https:\/\/my.stlflix.com\/tr\/\",\"name\":\"MyStore - By STLFLIX\",\"description\":\"\",\"publisher\":{\"@id\":\"https:\/\/my.stlflix.com\/tr\/#organization\"},\"potentialAction\":[{\"@type\":\"SearchAction\",\"target\":{\"@type\":\"EntryPoint\",\"urlTemplate\":\"https:\/\/my.stlflix.com\/tr\/?s={search_term_string}\"},\"query-input\":{\"@type\":\"PropertyValueSpecification\",\"valueRequired\":true,\"valueName\":\"search_term_string\"}}],\"inLanguage\":\"tr-TR\"},{\"@type\":\"Organization\",\"@id\":\"https:\/\/my.stlflix.com\/tr\/#organization\",\"name\":\"MyStore - By STLFLIX\",\"url\":\"https:\/\/my.stlflix.com\/tr\/\",\"logo\":{\"@type\":\"ImageObject\",\"inLanguage\":\"tr-TR\",\"@id\":\"https:\/\/my.stlflix.com\/tr\/#\/schema\/logo\/image\/\",\"url\":\"https:\/\/my.stlflix.com\/wp-content\/uploads\/2024\/06\/logo-mystore.png\",\"contentUrl\":\"https:\/\/my.stlflix.com\/wp-content\/uploads\/2024\/06\/logo-mystore.png\",\"width\":150,\"height\":41,\"caption\":\"MyStore - By STLFLIX\"},\"image\":{\"@id\":\"https:\/\/my.stlflix.com\/tr\/#\/schema\/logo\/image\/\"},\"sameAs\":[\"https:\/\/www.facebook.com\/STLFLIX\",\"https:\/\/www.instagram.com\/stlflix_\/\",\"https:\/\/www.tiktok.com\/@stlflix\"]}]}<\/script>\n<!-- \/ Yoast SEO plugin. -->","yoast_head_json":{"title":"Help_Payment - MyStore - By STLFLIX","robots":{"index":"index","follow":"follow","max-snippet":"max-snippet:-1","max-image-preview":"max-image-preview:large","max-video-preview":"max-video-preview:-1"},"canonical":"https:\/\/my.stlflix.com\/help_payment\/","og_locale":"tr_TR","og_type":"article","og_title":"Help_Payment - MyStore - By STLFLIX","og_description":"Yard\u0131m Men\u00fcs\u00fcne Geri D\u00f6n \u00d6deme y\u00f6ntemimi nas\u0131l ayarlar\u0131m? 1. Sol men\u00fcde, \u201cAyarlar\u201d se\u00e7ene\u011fine geri d\u00f6n\u00fcn ve \u201c\u00d6deme Ayarlar\u0131\u201dn\u0131 se\u00e7in. 2. Mevcut \u00f6deme y\u00f6ntemini se\u00e7meniz gerekecek (Burada, Stripe kullan\u0131lacakt\u0131r). 3. Hesab\u0131n\u0131z\u0131n hen\u00fcz ba\u011fl\u0131 olmad\u0131\u011f\u0131na dair bir bildirim g\u00f6receksiniz. &#8216;Stripe ile Ba\u011flan&#8217; butonuna t\u0131klay\u0131n. 4. Sonraki sayfaya y\u00f6nlendirildi\u011finizde, \u00f6deme y\u00f6nteminizi etkinle\u015ftirmek i\u00e7in bir Stripe hesab\u0131 olu\u015fturman\u0131z gerekecek. [&hellip;]","og_url":"https:\/\/my.stlflix.com\/help_payment\/","og_site_name":"MyStore - By STLFLIX","article_publisher":"https:\/\/www.facebook.com\/STLFLIX","article_modified_time":"2024-11-18T13:52:36+00:00","og_image":[{"url":"https:\/\/my.stlflix.com\/wp-content\/uploads\/2024\/07\/Pay1-1-1024x584.png","type":"","width":"","height":""}],"twitter_card":"summary_large_image","twitter_misc":{"Est. reading time":"2 minutes"},"schema":{"@context":"https:\/\/schema.org","@graph":[{"@type":"WebPage","@id":"https:\/\/my.stlflix.com\/help_payment\/","url":"https:\/\/my.stlflix.com\/help_payment\/","name":"Help_Payment - MyStore - By STLFLIX","isPartOf":{"@id":"https:\/\/my.stlflix.com\/tr\/#website"},"primaryImageOfPage":{"@id":"https:\/\/my.stlflix.com\/help_payment\/#primaryimage"},"image":{"@id":"https:\/\/my.stlflix.com\/help_payment\/#primaryimage"},"thumbnailUrl":"https:\/\/my.stlflix.com\/wp-content\/uploads\/2024\/07\/Pay1-1-1024x584.png","datePublished":"2024-11-13T17:59:40+00:00","dateModified":"2024-11-18T13:52:36+00:00","breadcrumb":{"@id":"https:\/\/my.stlflix.com\/help_payment\/#breadcrumb"},"inLanguage":"tr-TR","potentialAction":[{"@type":"ReadAction","target":["https:\/\/my.stlflix.com\/help_payment\/"]}]},{"@type":"ImageObject","inLanguage":"tr-TR","@id":"https:\/\/my.stlflix.com\/help_payment\/#primaryimage","url":"https:\/\/my.stlflix.com\/wp-content\/uploads\/2024\/07\/Pay1-1-1024x584.png","contentUrl":"https:\/\/my.stlflix.com\/wp-content\/uploads\/2024\/07\/Pay1-1-1024x584.png"},{"@type":"BreadcrumbList","@id":"https:\/\/my.stlflix.com\/help_payment\/#breadcrumb","itemListElement":[{"@type":"ListItem","position":1,"name":"Home","item":"https:\/\/my.stlflix.com\/"},{"@type":"ListItem","position":2,"name":"Help_Payment"}]},{"@type":"WebSite","@id":"https:\/\/my.stlflix.com\/tr\/#website","url":"https:\/\/my.stlflix.com\/tr\/","name":"MyStore - By STLFLIX","description":"","publisher":{"@id":"https:\/\/my.stlflix.com\/tr\/#organization"},"potentialAction":[{"@type":"SearchAction","target":{"@type":"EntryPoint","urlTemplate":"https:\/\/my.stlflix.com\/tr\/?s={search_term_string}"},"query-input":{"@type":"PropertyValueSpecification","valueRequired":true,"valueName":"search_term_string"}}],"inLanguage":"tr-TR"},{"@type":"Organization","@id":"https:\/\/my.stlflix.com\/tr\/#organization","name":"MyStore - By STLFLIX","url":"https:\/\/my.stlflix.com\/tr\/","logo":{"@type":"ImageObject","inLanguage":"tr-TR","@id":"https:\/\/my.stlflix.com\/tr\/#\/schema\/logo\/image\/","url":"https:\/\/my.stlflix.com\/wp-content\/uploads\/2024\/06\/logo-mystore.png","contentUrl":"https:\/\/my.stlflix.com\/wp-content\/uploads\/2024\/06\/logo-mystore.png","width":150,"height":41,"caption":"MyStore - By STLFLIX"},"image":{"@id":"https:\/\/my.stlflix.com\/tr\/#\/schema\/logo\/image\/"},"sameAs":["https:\/\/www.facebook.com\/STLFLIX","https:\/\/www.instagram.com\/stlflix_\/","https:\/\/www.tiktok.com\/@stlflix"]}]}},"_links":{"self":[{"href":"https:\/\/www.my3dstore-example.com\/tr\/wp-json\/wp\/v2\/pages\/159588","targetHints":{"allow":["GET"]}}],"collection":[{"href":"https:\/\/www.my3dstore-example.com\/tr\/wp-json\/wp\/v2\/pages"}],"about":[{"href":"https:\/\/www.my3dstore-example.com\/tr\/wp-json\/wp\/v2\/types\/page"}],"author":[{"embeddable":true,"href":"https:\/\/www.my3dstore-example.com\/tr\/wp-json\/wp\/v2\/users\/358"}],"replies":[{"embeddable":true,"href":"https:\/\/www.my3dstore-example.com\/tr\/wp-json\/wp\/v2\/comments?post=159588"}],"version-history":[{"count":5,"href":"https:\/\/www.my3dstore-example.com\/tr\/wp-json\/wp\/v2\/pages\/159588\/revisions"}],"predecessor-version":[{"id":160499,"href":"https:\/\/www.my3dstore-example.com\/tr\/wp-json\/wp\/v2\/pages\/159588\/revisions\/160499"}],"wp:attachment":[{"href":"https:\/\/www.my3dstore-example.com\/tr\/wp-json\/wp\/v2\/media?parent=159588"}],"curies":[{"name":"wp","href":"https:\/\/api.w.org\/{rel}","templated":true}]}}