{"id":159587,"date":"2024-11-13T17:52:49","date_gmt":"2024-11-13T17:52:49","guid":{"rendered":"https:\/\/my.stlflix.com\/help_setupstore\/"},"modified":"2024-11-18T13:52:22","modified_gmt":"2024-11-18T13:52:22","slug":"help_setupstore","status":"publish","type":"page","link":"https:\/\/www.my3dstore-example.com\/tr\/help_setupstore\/","title":{"rendered":"Help_SetupStore"},"content":{"rendered":"\t\t<div data-elementor-type=\"wp-page\" data-elementor-id=\"159587\" class=\"elementor elementor-159587\" data-elementor-post-type=\"page\">\n\t\t\t\t<div class=\"elementor-element elementor-element-49523b3 e-flex e-con-boxed e-con e-parent\" data-id=\"49523b3\" data-element_type=\"container\">\n\t\t\t\t\t<div class=\"e-con-inner\">\n\t\t<div class=\"elementor-element elementor-element-bcea037 e-con-full e-flex e-con e-child\" data-id=\"bcea037\" data-element_type=\"container\">\n\t\t\t\t<div class=\"elementor-element elementor-element-f518122 elementor-view-default elementor-widget elementor-widget-icon\" data-id=\"f518122\" data-element_type=\"widget\" data-widget_type=\"icon.default\">\n\t\t\t\t<div class=\"elementor-widget-container\">\n\t\t\t\t\t\t\t<div class=\"elementor-icon-wrapper\">\n\t\t\t<a class=\"elementor-icon\" href=\"https:\/\/my.stlflix.com\/tr\/help\">\n\t\t\t<svg aria-hidden=\"true\" class=\"e-font-icon-svg e-fas-arrow-left\" viewBox=\"0 0 448 512\" xmlns=\"http:\/\/www.w3.org\/2000\/svg\"><path d=\"M257.5 445.1l-22.2 22.2c-9.4 9.4-24.6 9.4-33.9 0L7 273c-9.4-9.4-9.4-24.6 0-33.9L201.4 44.7c9.4-9.4 24.6-9.4 33.9 0l22.2 22.2c9.5 9.5 9.3 25-.4 34.3L136.6 216H424c13.3 0 24 10.7 24 24v32c0 13.3-10.7 24-24 24H136.6l120.5 114.8c9.8 9.3 10 24.8.4 34.3z\"><\/path><\/svg>\t\t\t<\/a>\n\t\t<\/div>\n\t\t\t\t\t\t<\/div>\n\t\t\t\t<\/div>\n\t\t\t\t<div class=\"elementor-element elementor-element-ed54734 elementor-widget elementor-widget-heading\" data-id=\"ed54734\" data-element_type=\"widget\" data-widget_type=\"heading.default\">\n\t\t\t\t<div class=\"elementor-widget-container\">\n\t\t\t\t\t<h2 class=\"elementor-heading-title elementor-size-default\"><a href=\"https:\/\/my.stlflix.com\/tr\/help\">Yard\u0131m Men\u00fcs\u00fcne Geri D\u00f6n<\/a><\/h2>\t\t\t\t<\/div>\n\t\t\t\t<\/div>\n\t\t\t\t<\/div>\n\t\t\t\t<div class=\"elementor-element elementor-element-8608621 elementor-widget elementor-widget-heading\" data-id=\"8608621\" data-element_type=\"widget\" data-widget_type=\"heading.default\">\n\t\t\t\t<div class=\"elementor-widget-container\">\n\t\t\t\t\t<h2 class=\"elementor-heading-title elementor-size-default\">MYSTORE STLFLIX \u00fczerinde ma\u011fazam\u0131 nas\u0131l olu\u015ftururum?<\/h2>\t\t\t\t<\/div>\n\t\t\t\t<\/div>\n\t\t\t\t<div class=\"elementor-element elementor-element-980a3fc elementor-widget elementor-widget-text-editor\" data-id=\"980a3fc\" data-element_type=\"widget\" data-widget_type=\"text-editor.default\">\n\t\t\t\t<div class=\"elementor-widget-container\">\n\t\t\t\t\t\t\t\t\t<p>Ma\u011fazan\u0131z\u0131 kurman\u0131n ilk ad\u0131m\u0131, ticari abone olmakt\u0131r. Hen\u00fcz ticari abone de\u011filseniz, aboneli\u011finize burada ba\u015flayabilirsiniz. Zaten ticari aboneyseniz, ma\u011fazan\u0131z\u0131 platform \u00fczerinden olu\u015fturabilirsiniz (<a href=\"https:\/\/platform.stlflix.com\/\" target=\"_new\" rel=\"noopener\">https:\/\/platform.stlflix.com\/<\/a>).<\/p><p>STLFLIX platformunda:<\/p><p>\u00a0<\/p><ol><li><a href=\"https:\/\/platform.stlflix.com\/\" target=\"_new\" rel=\"noopener\">https:\/\/platform.stlflix.com\/<\/a> adresine gidin ve sayfan\u0131n \u00fcst k\u0131sm\u0131nda, STLACADEMY se\u00e7ene\u011finden \u00f6nce MYSTORE ba\u011flant\u0131s\u0131n\u0131 bulacaks\u0131n\u0131z. Ba\u011flant\u0131ya t\u0131klay\u0131n ve sizi MYSTORE y\u00f6netim paneline y\u00f6nlendirecektir.<\/li><\/ol>\t\t\t\t\t\t\t\t<\/div>\n\t\t\t\t<\/div>\n\t\t\t\t<div class=\"elementor-element elementor-element-153a986 elementor-widget elementor-widget-image\" data-id=\"153a986\" data-element_type=\"widget\" data-widget_type=\"image.default\">\n\t\t\t\t<div class=\"elementor-widget-container\">\n\t\t\t\t\t\t\t\t\t\t\t\t\t\t\t<img fetchpriority=\"high\" decoding=\"async\" width=\"1024\" height=\"583\" src=\"https:\/\/www.my3dstore-example.com\/wp-content\/uploads\/2024\/07\/Frame-427319904-1024x583.png\" class=\"attachment-large size-large wp-image-52410\" alt=\"\" srcset=\"https:\/\/www.my3dstore-example.com\/wp-content\/uploads\/2024\/07\/Frame-427319904-1024x583.png 1024w, https:\/\/www.my3dstore-example.com\/wp-content\/uploads\/2024\/07\/Frame-427319904-300x171.png 300w, https:\/\/www.my3dstore-example.com\/wp-content\/uploads\/2024\/07\/Frame-427319904-768x437.png 768w, https:\/\/www.my3dstore-example.com\/wp-content\/uploads\/2024\/07\/Frame-427319904-1536x874.png 1536w, https:\/\/www.my3dstore-example.com\/wp-content\/uploads\/2024\/07\/Frame-427319904-600x341.png 600w, https:\/\/www.my3dstore-example.com\/wp-content\/uploads\/2024\/07\/Frame-427319904-500x285.png 500w, https:\/\/www.my3dstore-example.com\/wp-content\/uploads\/2024\/07\/Frame-427319904.png 1692w\" sizes=\"(max-width: 1024px) 100vw, 1024px\" \/>\t\t\t\t\t\t\t\t\t\t\t\t\t\t\t<\/div>\n\t\t\t\t<\/div>\n\t\t\t\t<div class=\"elementor-element elementor-element-69faed4 elementor-widget elementor-widget-text-editor\" data-id=\"69faed4\" data-element_type=\"widget\" data-widget_type=\"text-editor.default\">\n\t\t\t\t<div class=\"elementor-widget-container\">\n\t\t\t\t\t\t\t\t\t<p>2. Sol men\u00fcde, \u201cAyarlar\u201d i\u00e7in di\u015fli simgesini bulacaks\u0131n\u0131z. Se\u00e7enekleri a\u00e7t\u0131\u011f\u0131n\u0131zda, \u201cMa\u011faza\u201dy\u0131 se\u00e7in. Burada ma\u011fazan\u0131zla ilgili t\u00fcm bilgileri kaydedebilirsiniz, \u00f6rne\u011fin ma\u011faza ad\u0131, URL, ma\u011fazada kullan\u0131lan para birimi, banner, logo, adres vb.<\/p>\t\t\t\t\t\t\t\t<\/div>\n\t\t\t\t<\/div>\n\t\t\t\t<div class=\"elementor-element elementor-element-0c6c3e0 elementor-widget elementor-widget-image\" data-id=\"0c6c3e0\" data-element_type=\"widget\" data-widget_type=\"image.default\">\n\t\t\t\t<div class=\"elementor-widget-container\">\n\t\t\t\t\t\t\t\t\t\t\t\t\t\t\t<img decoding=\"async\" width=\"1024\" height=\"584\" src=\"https:\/\/www.my3dstore-example.com\/wp-content\/uploads\/2024\/07\/Frame-427319905-1024x584.png\" class=\"attachment-large size-large wp-image-52413\" alt=\"\" srcset=\"https:\/\/www.my3dstore-example.com\/wp-content\/uploads\/2024\/07\/Frame-427319905-1024x584.png 1024w, https:\/\/www.my3dstore-example.com\/wp-content\/uploads\/2024\/07\/Frame-427319905-300x171.png 300w, https:\/\/www.my3dstore-example.com\/wp-content\/uploads\/2024\/07\/Frame-427319905-768x438.png 768w, https:\/\/www.my3dstore-example.com\/wp-content\/uploads\/2024\/07\/Frame-427319905-1536x876.png 1536w, https:\/\/www.my3dstore-example.com\/wp-content\/uploads\/2024\/07\/Frame-427319905-600x342.png 600w, https:\/\/www.my3dstore-example.com\/wp-content\/uploads\/2024\/07\/Frame-427319905-500x285.png 500w, https:\/\/www.my3dstore-example.com\/wp-content\/uploads\/2024\/07\/Frame-427319905.png 1697w\" sizes=\"(max-width: 1024px) 100vw, 1024px\" \/>\t\t\t\t\t\t\t\t\t\t\t\t\t\t\t<\/div>\n\t\t\t\t<\/div>\n\t\t\t\t<div class=\"elementor-element elementor-element-471e886 elementor-widget elementor-widget-text-editor\" data-id=\"471e886\" data-element_type=\"widget\" data-widget_type=\"text-editor.default\">\n\t\t\t\t<div class=\"elementor-widget-container\">\n\t\t\t\t\t\t\t\t\t<p>3. Ma\u011faza bilgilerinizi doldurduktan sonra, sayfan\u0131n alt k\u0131sm\u0131na gidin ve \u2018Ayarlar\u0131 G\u00fcncelle\u2019 butonuna t\u0131klayarak de\u011fi\u015fikliklerinizi kaydedin. Tamam, ma\u011faza ayarlar\u0131n\u0131z \u015fimdi g\u00fcncellenmi\u015f oldu!<\/p>\t\t\t\t\t\t\t\t<\/div>\n\t\t\t\t<\/div>\n\t\t\t\t<div class=\"elementor-element elementor-element-f33e3c8 elementor-widget elementor-widget-image\" data-id=\"f33e3c8\" data-element_type=\"widget\" data-widget_type=\"image.default\">\n\t\t\t\t<div class=\"elementor-widget-container\">\n\t\t\t\t\t\t\t\t\t\t\t\t\t\t\t<img decoding=\"async\" width=\"1024\" height=\"584\" src=\"https:\/\/www.my3dstore-example.com\/wp-content\/uploads\/2024\/07\/Frame-427319906-1024x584.png\" class=\"attachment-large size-large wp-image-52416\" alt=\"\" srcset=\"https:\/\/www.my3dstore-example.com\/wp-content\/uploads\/2024\/07\/Frame-427319906-1024x584.png 1024w, https:\/\/www.my3dstore-example.com\/wp-content\/uploads\/2024\/07\/Frame-427319906-300x171.png 300w, https:\/\/www.my3dstore-example.com\/wp-content\/uploads\/2024\/07\/Frame-427319906-768x438.png 768w, https:\/\/www.my3dstore-example.com\/wp-content\/uploads\/2024\/07\/Frame-427319906-1536x876.png 1536w, https:\/\/www.my3dstore-example.com\/wp-content\/uploads\/2024\/07\/Frame-427319906-600x342.png 600w, https:\/\/www.my3dstore-example.com\/wp-content\/uploads\/2024\/07\/Frame-427319906-500x285.png 500w, https:\/\/www.my3dstore-example.com\/wp-content\/uploads\/2024\/07\/Frame-427319906.png 1697w\" sizes=\"(max-width: 1024px) 100vw, 1024px\" \/>\t\t\t\t\t\t\t\t\t\t\t\t\t\t\t<\/div>\n\t\t\t\t<\/div>\n\t\t\t\t\t<\/div>\n\t\t\t\t<\/div>\n\t\t\t\t<\/div>\n\t\t","protected":false},"excerpt":{"rendered":"<p>Yard\u0131m Men\u00fcs\u00fcne Geri D\u00f6n MYSTORE STLFLIX \u00fczerinde ma\u011fazam\u0131 nas\u0131l olu\u015ftururum? Ma\u011fazan\u0131z\u0131 kurman\u0131n ilk ad\u0131m\u0131, ticari abone olmakt\u0131r. Hen\u00fcz ticari abone de\u011filseniz, aboneli\u011finize burada ba\u015flayabilirsiniz. Zaten ticari aboneyseniz, ma\u011fazan\u0131z\u0131 platform \u00fczerinden olu\u015fturabilirsiniz (https:\/\/platform.stlflix.com\/). STLFLIX platformunda: \u00a0 https:\/\/platform.stlflix.com\/ adresine gidin ve sayfan\u0131n \u00fcst k\u0131sm\u0131nda, STLACADEMY se\u00e7ene\u011finden \u00f6nce MYSTORE ba\u011flant\u0131s\u0131n\u0131 bulacaks\u0131n\u0131z. Ba\u011flant\u0131ya t\u0131klay\u0131n ve sizi MYSTORE y\u00f6netim paneline [&hellip;]<\/p>\n","protected":false},"author":358,"featured_media":0,"parent":0,"menu_order":0,"comment_status":"closed","ping_status":"closed","template":"","meta":{"footnotes":""},"class_list":["post-159587","page","type-page","status-publish","hentry"],"yoast_head":"<!-- This site is optimized with the Yoast SEO plugin v25.1 - https:\/\/yoast.com\/wordpress\/plugins\/seo\/ -->\n<title>Help_SetupStore - MyStore - By STLFLIX<\/title>\n<meta name=\"robots\" content=\"index, follow, max-snippet:-1, max-image-preview:large, max-video-preview:-1\" \/>\n<link rel=\"canonical\" href=\"https:\/\/my.stlflix.com\/help_setupstore\/\" \/>\n<meta property=\"og:locale\" content=\"tr_TR\" \/>\n<meta property=\"og:type\" content=\"article\" \/>\n<meta property=\"og:title\" content=\"Help_SetupStore - MyStore - By STLFLIX\" \/>\n<meta property=\"og:description\" content=\"Yard\u0131m Men\u00fcs\u00fcne Geri D\u00f6n MYSTORE STLFLIX \u00fczerinde ma\u011fazam\u0131 nas\u0131l olu\u015ftururum? Ma\u011fazan\u0131z\u0131 kurman\u0131n ilk ad\u0131m\u0131, ticari abone olmakt\u0131r. Hen\u00fcz ticari abone de\u011filseniz, aboneli\u011finize burada ba\u015flayabilirsiniz. Zaten ticari aboneyseniz, ma\u011fazan\u0131z\u0131 platform \u00fczerinden olu\u015fturabilirsiniz (https:\/\/platform.stlflix.com\/). STLFLIX platformunda: \u00a0 https:\/\/platform.stlflix.com\/ adresine gidin ve sayfan\u0131n \u00fcst k\u0131sm\u0131nda, STLACADEMY se\u00e7ene\u011finden \u00f6nce MYSTORE ba\u011flant\u0131s\u0131n\u0131 bulacaks\u0131n\u0131z. Ba\u011flant\u0131ya t\u0131klay\u0131n ve sizi MYSTORE y\u00f6netim paneline [&hellip;]\" \/>\n<meta property=\"og:url\" content=\"https:\/\/my.stlflix.com\/help_setupstore\/\" \/>\n<meta property=\"og:site_name\" content=\"MyStore - By STLFLIX\" \/>\n<meta property=\"article:publisher\" content=\"https:\/\/www.facebook.com\/STLFLIX\" \/>\n<meta property=\"article:modified_time\" content=\"2024-11-18T13:52:22+00:00\" \/>\n<meta property=\"og:image\" content=\"https:\/\/my.stlflix.com\/wp-content\/uploads\/2024\/07\/Frame-427319904-1024x583.png\" \/>\n<meta name=\"twitter:card\" content=\"summary_large_image\" \/>\n<meta name=\"twitter:label1\" content=\"Est. reading time\" \/>\n\t<meta name=\"twitter:data1\" content=\"2 minutes\" \/>\n<script type=\"application\/ld+json\" class=\"yoast-schema-graph\">{\"@context\":\"https:\/\/schema.org\",\"@graph\":[{\"@type\":\"WebPage\",\"@id\":\"https:\/\/my.stlflix.com\/help_setupstore\/\",\"url\":\"https:\/\/my.stlflix.com\/help_setupstore\/\",\"name\":\"Help_SetupStore - MyStore - By STLFLIX\",\"isPartOf\":{\"@id\":\"https:\/\/my.stlflix.com\/tr\/#website\"},\"primaryImageOfPage\":{\"@id\":\"https:\/\/my.stlflix.com\/help_setupstore\/#primaryimage\"},\"image\":{\"@id\":\"https:\/\/my.stlflix.com\/help_setupstore\/#primaryimage\"},\"thumbnailUrl\":\"https:\/\/my.stlflix.com\/wp-content\/uploads\/2024\/07\/Frame-427319904-1024x583.png\",\"datePublished\":\"2024-11-13T17:52:49+00:00\",\"dateModified\":\"2024-11-18T13:52:22+00:00\",\"breadcrumb\":{\"@id\":\"https:\/\/my.stlflix.com\/help_setupstore\/#breadcrumb\"},\"inLanguage\":\"tr-TR\",\"potentialAction\":[{\"@type\":\"ReadAction\",\"target\":[\"https:\/\/my.stlflix.com\/help_setupstore\/\"]}]},{\"@type\":\"ImageObject\",\"inLanguage\":\"tr-TR\",\"@id\":\"https:\/\/my.stlflix.com\/help_setupstore\/#primaryimage\",\"url\":\"https:\/\/my.stlflix.com\/wp-content\/uploads\/2024\/07\/Frame-427319904-1024x583.png\",\"contentUrl\":\"https:\/\/my.stlflix.com\/wp-content\/uploads\/2024\/07\/Frame-427319904-1024x583.png\"},{\"@type\":\"BreadcrumbList\",\"@id\":\"https:\/\/my.stlflix.com\/help_setupstore\/#breadcrumb\",\"itemListElement\":[{\"@type\":\"ListItem\",\"position\":1,\"name\":\"Home\",\"item\":\"https:\/\/my.stlflix.com\/\"},{\"@type\":\"ListItem\",\"position\":2,\"name\":\"Help_SetupStore\"}]},{\"@type\":\"WebSite\",\"@id\":\"https:\/\/my.stlflix.com\/tr\/#website\",\"url\":\"https:\/\/my.stlflix.com\/tr\/\",\"name\":\"MyStore - By STLFLIX\",\"description\":\"\",\"publisher\":{\"@id\":\"https:\/\/my.stlflix.com\/tr\/#organization\"},\"potentialAction\":[{\"@type\":\"SearchAction\",\"target\":{\"@type\":\"EntryPoint\",\"urlTemplate\":\"https:\/\/my.stlflix.com\/tr\/?s={search_term_string}\"},\"query-input\":{\"@type\":\"PropertyValueSpecification\",\"valueRequired\":true,\"valueName\":\"search_term_string\"}}],\"inLanguage\":\"tr-TR\"},{\"@type\":\"Organization\",\"@id\":\"https:\/\/my.stlflix.com\/tr\/#organization\",\"name\":\"MyStore - By STLFLIX\",\"url\":\"https:\/\/my.stlflix.com\/tr\/\",\"logo\":{\"@type\":\"ImageObject\",\"inLanguage\":\"tr-TR\",\"@id\":\"https:\/\/my.stlflix.com\/tr\/#\/schema\/logo\/image\/\",\"url\":\"https:\/\/my.stlflix.com\/wp-content\/uploads\/2024\/06\/logo-mystore.png\",\"contentUrl\":\"https:\/\/my.stlflix.com\/wp-content\/uploads\/2024\/06\/logo-mystore.png\",\"width\":150,\"height\":41,\"caption\":\"MyStore - By STLFLIX\"},\"image\":{\"@id\":\"https:\/\/my.stlflix.com\/tr\/#\/schema\/logo\/image\/\"},\"sameAs\":[\"https:\/\/www.facebook.com\/STLFLIX\",\"https:\/\/www.instagram.com\/stlflix_\/\",\"https:\/\/www.tiktok.com\/@stlflix\"]}]}<\/script>\n<!-- \/ Yoast SEO plugin. -->","yoast_head_json":{"title":"Help_SetupStore - MyStore - By STLFLIX","robots":{"index":"index","follow":"follow","max-snippet":"max-snippet:-1","max-image-preview":"max-image-preview:large","max-video-preview":"max-video-preview:-1"},"canonical":"https:\/\/my.stlflix.com\/help_setupstore\/","og_locale":"tr_TR","og_type":"article","og_title":"Help_SetupStore - MyStore - By STLFLIX","og_description":"Yard\u0131m Men\u00fcs\u00fcne Geri D\u00f6n MYSTORE STLFLIX \u00fczerinde ma\u011fazam\u0131 nas\u0131l olu\u015ftururum? Ma\u011fazan\u0131z\u0131 kurman\u0131n ilk ad\u0131m\u0131, ticari abone olmakt\u0131r. Hen\u00fcz ticari abone de\u011filseniz, aboneli\u011finize burada ba\u015flayabilirsiniz. Zaten ticari aboneyseniz, ma\u011fazan\u0131z\u0131 platform \u00fczerinden olu\u015fturabilirsiniz (https:\/\/platform.stlflix.com\/). STLFLIX platformunda: \u00a0 https:\/\/platform.stlflix.com\/ adresine gidin ve sayfan\u0131n \u00fcst k\u0131sm\u0131nda, STLACADEMY se\u00e7ene\u011finden \u00f6nce MYSTORE ba\u011flant\u0131s\u0131n\u0131 bulacaks\u0131n\u0131z. Ba\u011flant\u0131ya t\u0131klay\u0131n ve sizi MYSTORE y\u00f6netim paneline [&hellip;]","og_url":"https:\/\/my.stlflix.com\/help_setupstore\/","og_site_name":"MyStore - By STLFLIX","article_publisher":"https:\/\/www.facebook.com\/STLFLIX","article_modified_time":"2024-11-18T13:52:22+00:00","og_image":[{"url":"https:\/\/my.stlflix.com\/wp-content\/uploads\/2024\/07\/Frame-427319904-1024x583.png","type":"","width":"","height":""}],"twitter_card":"summary_large_image","twitter_misc":{"Est. reading time":"2 minutes"},"schema":{"@context":"https:\/\/schema.org","@graph":[{"@type":"WebPage","@id":"https:\/\/my.stlflix.com\/help_setupstore\/","url":"https:\/\/my.stlflix.com\/help_setupstore\/","name":"Help_SetupStore - MyStore - By STLFLIX","isPartOf":{"@id":"https:\/\/my.stlflix.com\/tr\/#website"},"primaryImageOfPage":{"@id":"https:\/\/my.stlflix.com\/help_setupstore\/#primaryimage"},"image":{"@id":"https:\/\/my.stlflix.com\/help_setupstore\/#primaryimage"},"thumbnailUrl":"https:\/\/my.stlflix.com\/wp-content\/uploads\/2024\/07\/Frame-427319904-1024x583.png","datePublished":"2024-11-13T17:52:49+00:00","dateModified":"2024-11-18T13:52:22+00:00","breadcrumb":{"@id":"https:\/\/my.stlflix.com\/help_setupstore\/#breadcrumb"},"inLanguage":"tr-TR","potentialAction":[{"@type":"ReadAction","target":["https:\/\/my.stlflix.com\/help_setupstore\/"]}]},{"@type":"ImageObject","inLanguage":"tr-TR","@id":"https:\/\/my.stlflix.com\/help_setupstore\/#primaryimage","url":"https:\/\/my.stlflix.com\/wp-content\/uploads\/2024\/07\/Frame-427319904-1024x583.png","contentUrl":"https:\/\/my.stlflix.com\/wp-content\/uploads\/2024\/07\/Frame-427319904-1024x583.png"},{"@type":"BreadcrumbList","@id":"https:\/\/my.stlflix.com\/help_setupstore\/#breadcrumb","itemListElement":[{"@type":"ListItem","position":1,"name":"Home","item":"https:\/\/my.stlflix.com\/"},{"@type":"ListItem","position":2,"name":"Help_SetupStore"}]},{"@type":"WebSite","@id":"https:\/\/my.stlflix.com\/tr\/#website","url":"https:\/\/my.stlflix.com\/tr\/","name":"MyStore - By STLFLIX","description":"","publisher":{"@id":"https:\/\/my.stlflix.com\/tr\/#organization"},"potentialAction":[{"@type":"SearchAction","target":{"@type":"EntryPoint","urlTemplate":"https:\/\/my.stlflix.com\/tr\/?s={search_term_string}"},"query-input":{"@type":"PropertyValueSpecification","valueRequired":true,"valueName":"search_term_string"}}],"inLanguage":"tr-TR"},{"@type":"Organization","@id":"https:\/\/my.stlflix.com\/tr\/#organization","name":"MyStore - By STLFLIX","url":"https:\/\/my.stlflix.com\/tr\/","logo":{"@type":"ImageObject","inLanguage":"tr-TR","@id":"https:\/\/my.stlflix.com\/tr\/#\/schema\/logo\/image\/","url":"https:\/\/my.stlflix.com\/wp-content\/uploads\/2024\/06\/logo-mystore.png","contentUrl":"https:\/\/my.stlflix.com\/wp-content\/uploads\/2024\/06\/logo-mystore.png","width":150,"height":41,"caption":"MyStore - By STLFLIX"},"image":{"@id":"https:\/\/my.stlflix.com\/tr\/#\/schema\/logo\/image\/"},"sameAs":["https:\/\/www.facebook.com\/STLFLIX","https:\/\/www.instagram.com\/stlflix_\/","https:\/\/www.tiktok.com\/@stlflix"]}]}},"_links":{"self":[{"href":"https:\/\/www.my3dstore-example.com\/tr\/wp-json\/wp\/v2\/pages\/159587","targetHints":{"allow":["GET"]}}],"collection":[{"href":"https:\/\/www.my3dstore-example.com\/tr\/wp-json\/wp\/v2\/pages"}],"about":[{"href":"https:\/\/www.my3dstore-example.com\/tr\/wp-json\/wp\/v2\/types\/page"}],"author":[{"embeddable":true,"href":"https:\/\/www.my3dstore-example.com\/tr\/wp-json\/wp\/v2\/users\/358"}],"replies":[{"embeddable":true,"href":"https:\/\/www.my3dstore-example.com\/tr\/wp-json\/wp\/v2\/comments?post=159587"}],"version-history":[{"count":5,"href":"https:\/\/www.my3dstore-example.com\/tr\/wp-json\/wp\/v2\/pages\/159587\/revisions"}],"predecessor-version":[{"id":160491,"href":"https:\/\/www.my3dstore-example.com\/tr\/wp-json\/wp\/v2\/pages\/159587\/revisions\/160491"}],"wp:attachment":[{"href":"https:\/\/www.my3dstore-example.com\/tr\/wp-json\/wp\/v2\/media?parent=159587"}],"curies":[{"name":"wp","href":"https:\/\/api.w.org\/{rel}","templated":true}]}}