{"id":154831,"date":"2024-11-13T18:18:10","date_gmt":"2024-11-13T18:18:10","guid":{"rendered":"https:\/\/my.stlflix.com\/help_stlflix_products\/"},"modified":"2024-11-18T13:40:39","modified_gmt":"2024-11-18T13:40:39","slug":"help_stlflix_products","status":"publish","type":"page","link":"https:\/\/www.my3dstore-example.com\/pt-br\/help_stlflix_products\/","title":{"rendered":"Help_STLFLIX_Products"},"content":{"rendered":"\t\t<div data-elementor-type=\"wp-page\" data-elementor-id=\"154831\" class=\"elementor elementor-154831\" data-elementor-post-type=\"page\">\n\t\t\t\t<div class=\"elementor-element elementor-element-18f1d24 e-flex e-con-boxed e-con e-parent\" data-id=\"18f1d24\" data-element_type=\"container\">\n\t\t\t\t\t<div class=\"e-con-inner\">\n\t\t<div class=\"elementor-element elementor-element-7534741 e-con-full e-flex e-con e-child\" data-id=\"7534741\" data-element_type=\"container\">\n\t\t\t\t<div class=\"elementor-element elementor-element-f039755 elementor-view-default elementor-widget elementor-widget-icon\" data-id=\"f039755\" data-element_type=\"widget\" data-widget_type=\"icon.default\">\n\t\t\t\t<div class=\"elementor-widget-container\">\n\t\t\t\t\t\t\t<div class=\"elementor-icon-wrapper\">\n\t\t\t<a class=\"elementor-icon\" href=\"https:\/\/my.stlflix.com\/pt-br\/help\/\">\n\t\t\t<svg aria-hidden=\"true\" class=\"e-font-icon-svg e-fas-arrow-left\" viewBox=\"0 0 448 512\" xmlns=\"http:\/\/www.w3.org\/2000\/svg\"><path d=\"M257.5 445.1l-22.2 22.2c-9.4 9.4-24.6 9.4-33.9 0L7 273c-9.4-9.4-9.4-24.6 0-33.9L201.4 44.7c9.4-9.4 24.6-9.4 33.9 0l22.2 22.2c9.5 9.5 9.3 25-.4 34.3L136.6 216H424c13.3 0 24 10.7 24 24v32c0 13.3-10.7 24-24 24H136.6l120.5 114.8c9.8 9.3 10 24.8.4 34.3z\"><\/path><\/svg>\t\t\t<\/a>\n\t\t<\/div>\n\t\t\t\t\t\t<\/div>\n\t\t\t\t<\/div>\n\t\t\t\t<div class=\"elementor-element elementor-element-c783f28 elementor-widget elementor-widget-heading\" data-id=\"c783f28\" data-element_type=\"widget\" data-widget_type=\"heading.default\">\n\t\t\t\t<div class=\"elementor-widget-container\">\n\t\t\t\t\t<h2 class=\"elementor-heading-title elementor-size-default\"><a href=\"https:\/\/my.stlflix.com\/pt-br\/help\/\">Voltar para o menu de ajuda<\/a><\/h2>\t\t\t\t<\/div>\n\t\t\t\t<\/div>\n\t\t\t\t<\/div>\n\t\t\t\t<div class=\"elementor-element elementor-element-cb64163 elementor-widget elementor-widget-heading\" data-id=\"cb64163\" data-element_type=\"widget\" data-widget_type=\"heading.default\">\n\t\t\t\t<div class=\"elementor-widget-container\">\n\t\t\t\t\t<h2 class=\"elementor-heading-title elementor-size-default\">Como registrar meus produtos STLFLIX\u200b<\/h2>\t\t\t\t<\/div>\n\t\t\t\t<\/div>\n\t\t\t\t<div class=\"elementor-element elementor-element-a5a816d elementor-widget elementor-widget-text-editor\" data-id=\"a5a816d\" data-element_type=\"widget\" data-widget_type=\"text-editor.default\">\n\t\t\t\t<div class=\"elementor-widget-container\">\n\t\t\t\t\t\t\t\t\t<p>1. Volte para a plataforma e escolha o modelo desejado. Quando encontrar um modelo que deseja, voc\u00ea pode passar o mouse sobre o cart\u00e3o e clicar no \u00edcone de cifr\u00e3o para adicion\u00e1-lo ao seu cat\u00e1logo de vendas, ou pode fazer isso clicando no modelo e selecionando o mesmo \u00edcone na p\u00e1gina do modelo.<\/p>\t\t\t\t\t\t\t\t<\/div>\n\t\t\t\t<\/div>\n\t\t\t\t<div class=\"elementor-element elementor-element-4c2bf62 elementor-widget elementor-widget-image\" data-id=\"4c2bf62\" data-element_type=\"widget\" data-widget_type=\"image.default\">\n\t\t\t\t<div class=\"elementor-widget-container\">\n\t\t\t\t\t\t\t\t\t\t\t\t\t\t\t<img fetchpriority=\"high\" decoding=\"async\" width=\"1024\" height=\"584\" src=\"https:\/\/www.my3dstore-example.com\/wp-content\/uploads\/2024\/07\/Entrega-12-1024x584.png\" class=\"attachment-large size-large wp-image-51859\" alt=\"\" srcset=\"https:\/\/www.my3dstore-example.com\/wp-content\/uploads\/2024\/07\/Entrega-12-1024x584.png 1024w, https:\/\/www.my3dstore-example.com\/wp-content\/uploads\/2024\/07\/Entrega-12-300x171.png 300w, https:\/\/www.my3dstore-example.com\/wp-content\/uploads\/2024\/07\/Entrega-12-768x438.png 768w, https:\/\/www.my3dstore-example.com\/wp-content\/uploads\/2024\/07\/Entrega-12-1536x876.png 1536w, https:\/\/www.my3dstore-example.com\/wp-content\/uploads\/2024\/07\/Entrega-12-600x342.png 600w, https:\/\/www.my3dstore-example.com\/wp-content\/uploads\/2024\/07\/Entrega-12-500x285.png 500w, https:\/\/www.my3dstore-example.com\/wp-content\/uploads\/2024\/07\/Entrega-12.png 1697w\" sizes=\"(max-width: 1024px) 100vw, 1024px\" \/>\t\t\t\t\t\t\t\t\t\t\t\t\t\t\t<\/div>\n\t\t\t\t<\/div>\n\t\t\t\t<div class=\"elementor-element elementor-element-65eb713 elementor-widget elementor-widget-image\" data-id=\"65eb713\" data-element_type=\"widget\" data-widget_type=\"image.default\">\n\t\t\t\t<div class=\"elementor-widget-container\">\n\t\t\t\t\t\t\t\t\t\t\t\t\t\t\t<img decoding=\"async\" width=\"1024\" height=\"584\" src=\"https:\/\/www.my3dstore-example.com\/wp-content\/uploads\/2024\/07\/Entrega-13-1024x584.png\" class=\"attachment-large size-large wp-image-51863\" alt=\"\" srcset=\"https:\/\/www.my3dstore-example.com\/wp-content\/uploads\/2024\/07\/Entrega-13-1024x584.png 1024w, https:\/\/www.my3dstore-example.com\/wp-content\/uploads\/2024\/07\/Entrega-13-300x171.png 300w, https:\/\/www.my3dstore-example.com\/wp-content\/uploads\/2024\/07\/Entrega-13-768x438.png 768w, https:\/\/www.my3dstore-example.com\/wp-content\/uploads\/2024\/07\/Entrega-13-1536x876.png 1536w, https:\/\/www.my3dstore-example.com\/wp-content\/uploads\/2024\/07\/Entrega-13-600x342.png 600w, https:\/\/www.my3dstore-example.com\/wp-content\/uploads\/2024\/07\/Entrega-13-500x285.png 500w, https:\/\/www.my3dstore-example.com\/wp-content\/uploads\/2024\/07\/Entrega-13.png 1697w\" sizes=\"(max-width: 1024px) 100vw, 1024px\" \/>\t\t\t\t\t\t\t\t\t\t\t\t\t\t\t<\/div>\n\t\t\t\t<\/div>\n\t\t\t\t<div class=\"elementor-element elementor-element-fa9dfba elementor-widget elementor-widget-text-editor\" data-id=\"fa9dfba\" data-element_type=\"widget\" data-widget_type=\"text-editor.default\">\n\t\t\t\t<div class=\"elementor-widget-container\">\n\t\t\t\t\t\t\t\t\t<p>2. Depois disso, o modelo ser\u00e1 adicionado ao seu cat\u00e1logo de vendas. Voc\u00ea pode ir para as configura\u00e7\u00f5es da loja ou continuar adicionando quantos modelos desejar.<\/p>\t\t\t\t\t\t\t\t<\/div>\n\t\t\t\t<\/div>\n\t\t\t\t<div class=\"elementor-element elementor-element-3d3d301 elementor-widget elementor-widget-image\" data-id=\"3d3d301\" data-element_type=\"widget\" data-widget_type=\"image.default\">\n\t\t\t\t<div class=\"elementor-widget-container\">\n\t\t\t\t\t\t\t\t\t\t\t\t\t\t\t<img decoding=\"async\" width=\"1024\" height=\"584\" src=\"https:\/\/www.my3dstore-example.com\/wp-content\/uploads\/2024\/07\/Add-model-STLFLIX-3-1024x584.png\" class=\"attachment-large size-large wp-image-51870\" alt=\"\" srcset=\"https:\/\/www.my3dstore-example.com\/wp-content\/uploads\/2024\/07\/Add-model-STLFLIX-3-1024x584.png 1024w, https:\/\/www.my3dstore-example.com\/wp-content\/uploads\/2024\/07\/Add-model-STLFLIX-3-300x171.png 300w, https:\/\/www.my3dstore-example.com\/wp-content\/uploads\/2024\/07\/Add-model-STLFLIX-3-768x438.png 768w, https:\/\/www.my3dstore-example.com\/wp-content\/uploads\/2024\/07\/Add-model-STLFLIX-3-1536x876.png 1536w, https:\/\/www.my3dstore-example.com\/wp-content\/uploads\/2024\/07\/Add-model-STLFLIX-3-600x342.png 600w, https:\/\/www.my3dstore-example.com\/wp-content\/uploads\/2024\/07\/Add-model-STLFLIX-3-500x285.png 500w, https:\/\/www.my3dstore-example.com\/wp-content\/uploads\/2024\/07\/Add-model-STLFLIX-3.png 1697w\" sizes=\"(max-width: 1024px) 100vw, 1024px\" \/>\t\t\t\t\t\t\t\t\t\t\t\t\t\t\t<\/div>\n\t\t\t\t<\/div>\n\t\t\t\t<div class=\"elementor-element elementor-element-f054e03 elementor-widget elementor-widget-text-editor\" data-id=\"f054e03\" data-element_type=\"widget\" data-widget_type=\"text-editor.default\">\n\t\t\t\t<div class=\"elementor-widget-container\">\n\t\t\t\t\t\t\t\t\t<p>3. Retorne para o ambiente da sua loja e selecione a op\u00e7\u00e3o Products no menu \u00e0 esquerda; seu modelo j\u00e1 est\u00e1 no cat\u00e1logo, clique nele.\u00a0<\/p>\t\t\t\t\t\t\t\t<\/div>\n\t\t\t\t<\/div>\n\t\t\t\t<div class=\"elementor-element elementor-element-7e9b950 elementor-widget elementor-widget-image\" data-id=\"7e9b950\" data-element_type=\"widget\" data-widget_type=\"image.default\">\n\t\t\t\t<div class=\"elementor-widget-container\">\n\t\t\t\t\t\t\t\t\t\t\t\t\t\t\t<img loading=\"lazy\" decoding=\"async\" width=\"1024\" height=\"584\" src=\"https:\/\/www.my3dstore-example.com\/wp-content\/uploads\/2024\/07\/Add-model-STLFLIX-4-1024x584.png\" class=\"attachment-large size-large wp-image-51873\" alt=\"\" srcset=\"https:\/\/www.my3dstore-example.com\/wp-content\/uploads\/2024\/07\/Add-model-STLFLIX-4-1024x584.png 1024w, https:\/\/www.my3dstore-example.com\/wp-content\/uploads\/2024\/07\/Add-model-STLFLIX-4-300x171.png 300w, https:\/\/www.my3dstore-example.com\/wp-content\/uploads\/2024\/07\/Add-model-STLFLIX-4-768x438.png 768w, https:\/\/www.my3dstore-example.com\/wp-content\/uploads\/2024\/07\/Add-model-STLFLIX-4-1536x876.png 1536w, https:\/\/www.my3dstore-example.com\/wp-content\/uploads\/2024\/07\/Add-model-STLFLIX-4-600x342.png 600w, https:\/\/www.my3dstore-example.com\/wp-content\/uploads\/2024\/07\/Add-model-STLFLIX-4-500x285.png 500w, https:\/\/www.my3dstore-example.com\/wp-content\/uploads\/2024\/07\/Add-model-STLFLIX-4.png 1697w\" sizes=\"(max-width: 1024px) 100vw, 1024px\" \/>\t\t\t\t\t\t\t\t\t\t\t\t\t\t\t<\/div>\n\t\t\t\t<\/div>\n\t\t\t\t<div class=\"elementor-element elementor-element-e9c7324 elementor-widget elementor-widget-text-editor\" data-id=\"e9c7324\" data-element_type=\"widget\" data-widget_type=\"text-editor.default\">\n\t\t\t\t<div class=\"elementor-widget-container\">\n\t\t\t\t\t\t\t\t\t<p>4. Clique no modelo para inserir os detalhes de venda, como informa\u00e7\u00f5es, pre\u00e7os, etc. Observe que todo o Media Package do STLFLIX foi importado para o cadastro; voc\u00ea pode usar essas fotos\/v\u00eddeos ou criar suas pr\u00f3prias vers\u00f5es.<\/p>\t\t\t\t\t\t\t\t<\/div>\n\t\t\t\t<\/div>\n\t\t\t\t<div class=\"elementor-element elementor-element-25a82ee elementor-widget elementor-widget-image\" data-id=\"25a82ee\" data-element_type=\"widget\" data-widget_type=\"image.default\">\n\t\t\t\t<div class=\"elementor-widget-container\">\n\t\t\t\t\t\t\t\t\t\t\t\t\t\t\t<img loading=\"lazy\" decoding=\"async\" width=\"1024\" height=\"584\" src=\"https:\/\/www.my3dstore-example.com\/wp-content\/uploads\/2024\/07\/Add-model-STLFLIX-6-1024x584.png\" class=\"attachment-large size-large wp-image-51876\" alt=\"\" srcset=\"https:\/\/www.my3dstore-example.com\/wp-content\/uploads\/2024\/07\/Add-model-STLFLIX-6-1024x584.png 1024w, https:\/\/www.my3dstore-example.com\/wp-content\/uploads\/2024\/07\/Add-model-STLFLIX-6-300x171.png 300w, https:\/\/www.my3dstore-example.com\/wp-content\/uploads\/2024\/07\/Add-model-STLFLIX-6-768x438.png 768w, https:\/\/www.my3dstore-example.com\/wp-content\/uploads\/2024\/07\/Add-model-STLFLIX-6-1536x876.png 1536w, https:\/\/www.my3dstore-example.com\/wp-content\/uploads\/2024\/07\/Add-model-STLFLIX-6-600x342.png 600w, https:\/\/www.my3dstore-example.com\/wp-content\/uploads\/2024\/07\/Add-model-STLFLIX-6-500x285.png 500w, https:\/\/www.my3dstore-example.com\/wp-content\/uploads\/2024\/07\/Add-model-STLFLIX-6.png 1697w\" sizes=\"(max-width: 1024px) 100vw, 1024px\" \/>\t\t\t\t\t\t\t\t\t\t\t\t\t\t\t<\/div>\n\t\t\t\t<\/div>\n\t\t\t\t<div class=\"elementor-element elementor-element-06fd522 elementor-widget elementor-widget-text-editor\" data-id=\"06fd522\" data-element_type=\"widget\" data-widget_type=\"text-editor.default\">\n\t\t\t\t<div class=\"elementor-widget-container\">\n\t\t\t\t\t\t\t\t\t<p>5. Depois de preencher todas as informa\u00e7\u00f5es necess\u00e1rias, n\u00e3o se esque\u00e7a de alterar o status do seu produto de rascunho para online. Role at\u00e9 o final da p\u00e1gina e voc\u00ea encontrar\u00e1 &#8220;Other options&#8221;. Defina o status como online e salve o produto.<\/p>\t\t\t\t\t\t\t\t<\/div>\n\t\t\t\t<\/div>\n\t\t\t\t<div class=\"elementor-element elementor-element-a7f7ad1 elementor-widget elementor-widget-image\" data-id=\"a7f7ad1\" data-element_type=\"widget\" data-widget_type=\"image.default\">\n\t\t\t\t<div class=\"elementor-widget-container\">\n\t\t\t\t\t\t\t\t\t\t\t\t\t\t\t<img loading=\"lazy\" decoding=\"async\" width=\"1024\" height=\"584\" src=\"https:\/\/www.my3dstore-example.com\/wp-content\/uploads\/2024\/07\/Add-model-STLFLIX-5-1024x584.png\" class=\"attachment-large size-large wp-image-51879\" alt=\"\" srcset=\"https:\/\/www.my3dstore-example.com\/wp-content\/uploads\/2024\/07\/Add-model-STLFLIX-5-1024x584.png 1024w, https:\/\/www.my3dstore-example.com\/wp-content\/uploads\/2024\/07\/Add-model-STLFLIX-5-300x171.png 300w, https:\/\/www.my3dstore-example.com\/wp-content\/uploads\/2024\/07\/Add-model-STLFLIX-5-768x438.png 768w, https:\/\/www.my3dstore-example.com\/wp-content\/uploads\/2024\/07\/Add-model-STLFLIX-5-1536x876.png 1536w, https:\/\/www.my3dstore-example.com\/wp-content\/uploads\/2024\/07\/Add-model-STLFLIX-5-600x342.png 600w, https:\/\/www.my3dstore-example.com\/wp-content\/uploads\/2024\/07\/Add-model-STLFLIX-5-500x285.png 500w, https:\/\/www.my3dstore-example.com\/wp-content\/uploads\/2024\/07\/Add-model-STLFLIX-5.png 1697w\" sizes=\"(max-width: 1024px) 100vw, 1024px\" \/>\t\t\t\t\t\t\t\t\t\t\t\t\t\t\t<\/div>\n\t\t\t\t<\/div>\n\t\t\t\t\t<\/div>\n\t\t\t\t<\/div>\n\t\t\t\t<\/div>\n\t\t","protected":false},"excerpt":{"rendered":"<p>Voltar para o menu de ajuda Como registrar meus produtos STLFLIX\u200b 1. Volte para a plataforma e escolha o modelo desejado. Quando encontrar um modelo que deseja, voc\u00ea pode passar o mouse sobre o cart\u00e3o e clicar no \u00edcone de cifr\u00e3o para adicion\u00e1-lo ao seu cat\u00e1logo de vendas, ou pode fazer isso clicando no modelo [&hellip;]<\/p>\n","protected":false},"author":358,"featured_media":0,"parent":0,"menu_order":0,"comment_status":"closed","ping_status":"closed","template":"","meta":{"footnotes":""},"class_list":["post-154831","page","type-page","status-publish","hentry"],"yoast_head":"<!-- This site is optimized with the Yoast SEO plugin v25.1 - https:\/\/yoast.com\/wordpress\/plugins\/seo\/ -->\n<title>Help_STLFLIX_Products - MyStore - By STLFLIX<\/title>\n<meta name=\"robots\" content=\"index, follow, max-snippet:-1, max-image-preview:large, max-video-preview:-1\" \/>\n<link rel=\"canonical\" href=\"https:\/\/www.testeminhalojamandela.biz\/help_stlflix_products\/\" \/>\n<meta property=\"og:locale\" content=\"pt_BR\" \/>\n<meta property=\"og:type\" content=\"article\" \/>\n<meta property=\"og:title\" content=\"Help_STLFLIX_Products - MyStore - By STLFLIX\" \/>\n<meta property=\"og:description\" content=\"Voltar para o menu de ajuda Como registrar meus produtos STLFLIX\u200b 1. Volte para a plataforma e escolha o modelo desejado. Quando encontrar um modelo que deseja, voc\u00ea pode passar o mouse sobre o cart\u00e3o e clicar no \u00edcone de cifr\u00e3o para adicion\u00e1-lo ao seu cat\u00e1logo de vendas, ou pode fazer isso clicando no modelo [&hellip;]\" \/>\n<meta property=\"og:url\" content=\"https:\/\/www.testeminhalojamandela.biz\/help_stlflix_products\/\" \/>\n<meta property=\"og:site_name\" content=\"MyStore - By STLFLIX\" \/>\n<meta property=\"article:publisher\" content=\"https:\/\/www.facebook.com\/STLFLIX\" \/>\n<meta property=\"article:modified_time\" content=\"2024-11-18T13:40:39+00:00\" \/>\n<meta property=\"og:image\" content=\"https:\/\/my.stlflix.com\/wp-content\/uploads\/2024\/07\/Entrega-12-1024x584.png\" \/>\n<meta name=\"twitter:card\" content=\"summary_large_image\" \/>\n<meta name=\"twitter:label1\" content=\"Est. reading time\" \/>\n\t<meta name=\"twitter:data1\" content=\"3 minutes\" \/>\n<script type=\"application\/ld+json\" class=\"yoast-schema-graph\">{\"@context\":\"https:\/\/schema.org\",\"@graph\":[{\"@type\":\"WebPage\",\"@id\":\"https:\/\/www.testeminhalojamandela.biz\/help_stlflix_products\/\",\"url\":\"https:\/\/www.testeminhalojamandela.biz\/help_stlflix_products\/\",\"name\":\"Help_STLFLIX_Products - MyStore - By STLFLIX\",\"isPartOf\":{\"@id\":\"https:\/\/my.stlflix.com\/tr\/#website\"},\"primaryImageOfPage\":{\"@id\":\"https:\/\/www.testeminhalojamandela.biz\/help_stlflix_products\/#primaryimage\"},\"image\":{\"@id\":\"https:\/\/www.testeminhalojamandela.biz\/help_stlflix_products\/#primaryimage\"},\"thumbnailUrl\":\"https:\/\/my.stlflix.com\/wp-content\/uploads\/2024\/07\/Entrega-12-1024x584.png\",\"datePublished\":\"2024-11-13T18:18:10+00:00\",\"dateModified\":\"2024-11-18T13:40:39+00:00\",\"breadcrumb\":{\"@id\":\"https:\/\/www.testeminhalojamandela.biz\/help_stlflix_products\/#breadcrumb\"},\"inLanguage\":\"pt-BR\",\"potentialAction\":[{\"@type\":\"ReadAction\",\"target\":[\"https:\/\/www.testeminhalojamandela.biz\/help_stlflix_products\/\"]}]},{\"@type\":\"ImageObject\",\"inLanguage\":\"pt-BR\",\"@id\":\"https:\/\/www.testeminhalojamandela.biz\/help_stlflix_products\/#primaryimage\",\"url\":\"https:\/\/my.stlflix.com\/wp-content\/uploads\/2024\/07\/Entrega-12-1024x584.png\",\"contentUrl\":\"https:\/\/my.stlflix.com\/wp-content\/uploads\/2024\/07\/Entrega-12-1024x584.png\"},{\"@type\":\"BreadcrumbList\",\"@id\":\"https:\/\/www.testeminhalojamandela.biz\/help_stlflix_products\/#breadcrumb\",\"itemListElement\":[{\"@type\":\"ListItem\",\"position\":1,\"name\":\"Home\",\"item\":\"https:\/\/my.stlflix.com\/pt-br\/\"},{\"@type\":\"ListItem\",\"position\":2,\"name\":\"Help_STLFLIX_Products\"}]},{\"@type\":\"WebSite\",\"@id\":\"https:\/\/my.stlflix.com\/tr\/#website\",\"url\":\"https:\/\/my.stlflix.com\/tr\/\",\"name\":\"MyStore - By STLFLIX\",\"description\":\"\",\"publisher\":{\"@id\":\"https:\/\/my.stlflix.com\/tr\/#organization\"},\"potentialAction\":[{\"@type\":\"SearchAction\",\"target\":{\"@type\":\"EntryPoint\",\"urlTemplate\":\"https:\/\/my.stlflix.com\/tr\/?s={search_term_string}\"},\"query-input\":{\"@type\":\"PropertyValueSpecification\",\"valueRequired\":true,\"valueName\":\"search_term_string\"}}],\"inLanguage\":\"pt-BR\"},{\"@type\":\"Organization\",\"@id\":\"https:\/\/my.stlflix.com\/tr\/#organization\",\"name\":\"MyStore - By STLFLIX\",\"url\":\"https:\/\/my.stlflix.com\/tr\/\",\"logo\":{\"@type\":\"ImageObject\",\"inLanguage\":\"pt-BR\",\"@id\":\"https:\/\/my.stlflix.com\/tr\/#\/schema\/logo\/image\/\",\"url\":\"https:\/\/my.stlflix.com\/wp-content\/uploads\/2024\/06\/logo-mystore.png\",\"contentUrl\":\"https:\/\/my.stlflix.com\/wp-content\/uploads\/2024\/06\/logo-mystore.png\",\"width\":150,\"height\":41,\"caption\":\"MyStore - By STLFLIX\"},\"image\":{\"@id\":\"https:\/\/my.stlflix.com\/tr\/#\/schema\/logo\/image\/\"},\"sameAs\":[\"https:\/\/www.facebook.com\/STLFLIX\",\"https:\/\/www.instagram.com\/stlflix_\/\",\"https:\/\/www.tiktok.com\/@stlflix\"]}]}<\/script>\n<!-- \/ Yoast SEO plugin. -->","yoast_head_json":{"title":"Help_STLFLIX_Products - MyStore - By STLFLIX","robots":{"index":"index","follow":"follow","max-snippet":"max-snippet:-1","max-image-preview":"max-image-preview:large","max-video-preview":"max-video-preview:-1"},"canonical":"https:\/\/www.testeminhalojamandela.biz\/help_stlflix_products\/","og_locale":"pt_BR","og_type":"article","og_title":"Help_STLFLIX_Products - MyStore - By STLFLIX","og_description":"Voltar para o menu de ajuda Como registrar meus produtos STLFLIX\u200b 1. Volte para a plataforma e escolha o modelo desejado. Quando encontrar um modelo que deseja, voc\u00ea pode passar o mouse sobre o cart\u00e3o e clicar no \u00edcone de cifr\u00e3o para adicion\u00e1-lo ao seu cat\u00e1logo de vendas, ou pode fazer isso clicando no modelo [&hellip;]","og_url":"https:\/\/www.testeminhalojamandela.biz\/help_stlflix_products\/","og_site_name":"MyStore - By STLFLIX","article_publisher":"https:\/\/www.facebook.com\/STLFLIX","article_modified_time":"2024-11-18T13:40:39+00:00","og_image":[{"url":"https:\/\/my.stlflix.com\/wp-content\/uploads\/2024\/07\/Entrega-12-1024x584.png","type":"","width":"","height":""}],"twitter_card":"summary_large_image","twitter_misc":{"Est. reading time":"3 minutes"},"schema":{"@context":"https:\/\/schema.org","@graph":[{"@type":"WebPage","@id":"https:\/\/www.testeminhalojamandela.biz\/help_stlflix_products\/","url":"https:\/\/www.testeminhalojamandela.biz\/help_stlflix_products\/","name":"Help_STLFLIX_Products - MyStore - By STLFLIX","isPartOf":{"@id":"https:\/\/my.stlflix.com\/tr\/#website"},"primaryImageOfPage":{"@id":"https:\/\/www.testeminhalojamandela.biz\/help_stlflix_products\/#primaryimage"},"image":{"@id":"https:\/\/www.testeminhalojamandela.biz\/help_stlflix_products\/#primaryimage"},"thumbnailUrl":"https:\/\/my.stlflix.com\/wp-content\/uploads\/2024\/07\/Entrega-12-1024x584.png","datePublished":"2024-11-13T18:18:10+00:00","dateModified":"2024-11-18T13:40:39+00:00","breadcrumb":{"@id":"https:\/\/www.testeminhalojamandela.biz\/help_stlflix_products\/#breadcrumb"},"inLanguage":"pt-BR","potentialAction":[{"@type":"ReadAction","target":["https:\/\/www.testeminhalojamandela.biz\/help_stlflix_products\/"]}]},{"@type":"ImageObject","inLanguage":"pt-BR","@id":"https:\/\/www.testeminhalojamandela.biz\/help_stlflix_products\/#primaryimage","url":"https:\/\/my.stlflix.com\/wp-content\/uploads\/2024\/07\/Entrega-12-1024x584.png","contentUrl":"https:\/\/my.stlflix.com\/wp-content\/uploads\/2024\/07\/Entrega-12-1024x584.png"},{"@type":"BreadcrumbList","@id":"https:\/\/www.testeminhalojamandela.biz\/help_stlflix_products\/#breadcrumb","itemListElement":[{"@type":"ListItem","position":1,"name":"Home","item":"https:\/\/my.stlflix.com\/pt-br\/"},{"@type":"ListItem","position":2,"name":"Help_STLFLIX_Products"}]},{"@type":"WebSite","@id":"https:\/\/my.stlflix.com\/tr\/#website","url":"https:\/\/my.stlflix.com\/tr\/","name":"MyStore - By STLFLIX","description":"","publisher":{"@id":"https:\/\/my.stlflix.com\/tr\/#organization"},"potentialAction":[{"@type":"SearchAction","target":{"@type":"EntryPoint","urlTemplate":"https:\/\/my.stlflix.com\/tr\/?s={search_term_string}"},"query-input":{"@type":"PropertyValueSpecification","valueRequired":true,"valueName":"search_term_string"}}],"inLanguage":"pt-BR"},{"@type":"Organization","@id":"https:\/\/my.stlflix.com\/tr\/#organization","name":"MyStore - By STLFLIX","url":"https:\/\/my.stlflix.com\/tr\/","logo":{"@type":"ImageObject","inLanguage":"pt-BR","@id":"https:\/\/my.stlflix.com\/tr\/#\/schema\/logo\/image\/","url":"https:\/\/my.stlflix.com\/wp-content\/uploads\/2024\/06\/logo-mystore.png","contentUrl":"https:\/\/my.stlflix.com\/wp-content\/uploads\/2024\/06\/logo-mystore.png","width":150,"height":41,"caption":"MyStore - By STLFLIX"},"image":{"@id":"https:\/\/my.stlflix.com\/tr\/#\/schema\/logo\/image\/"},"sameAs":["https:\/\/www.facebook.com\/STLFLIX","https:\/\/www.instagram.com\/stlflix_\/","https:\/\/www.tiktok.com\/@stlflix"]}]}},"_links":{"self":[{"href":"https:\/\/www.my3dstore-example.com\/pt-br\/wp-json\/wp\/v2\/pages\/154831","targetHints":{"allow":["GET"]}}],"collection":[{"href":"https:\/\/www.my3dstore-example.com\/pt-br\/wp-json\/wp\/v2\/pages"}],"about":[{"href":"https:\/\/www.my3dstore-example.com\/pt-br\/wp-json\/wp\/v2\/types\/page"}],"author":[{"embeddable":true,"href":"https:\/\/www.my3dstore-example.com\/pt-br\/wp-json\/wp\/v2\/users\/358"}],"replies":[{"embeddable":true,"href":"https:\/\/www.my3dstore-example.com\/pt-br\/wp-json\/wp\/v2\/comments?post=154831"}],"version-history":[{"count":5,"href":"https:\/\/www.my3dstore-example.com\/pt-br\/wp-json\/wp\/v2\/pages\/154831\/revisions"}],"predecessor-version":[{"id":160419,"href":"https:\/\/www.my3dstore-example.com\/pt-br\/wp-json\/wp\/v2\/pages\/154831\/revisions\/160419"}],"wp:attachment":[{"href":"https:\/\/www.my3dstore-example.com\/pt-br\/wp-json\/wp\/v2\/media?parent=154831"}],"curies":[{"name":"wp","href":"https:\/\/api.w.org\/{rel}","templated":true}]}}